{"id":15558,"date":"2020-01-23T19:33:46","date_gmt":"2020-01-23T19:33:46","guid":{"rendered":"https:\/\/moirai.si\/?post_type=product&#038;p=15558"},"modified":"2026-02-02T09:51:45","modified_gmt":"2026-02-02T09:51:45","slug":"pendel-aventurin-grun","status":"publish","type":"product","link":"https:\/\/moirai.si\/de\/izdelek\/nihalo-aventurin-zeleni\/","title":{"rendered":"Pendel Aventurin Gr\u00fcn"},"content":{"rendered":"<p>Aventurinpendel an einer versilberten Kette, mit einer einfach zu bedienenden Steinzelle versehen. Die Abbildung ist symbolisch. Geringe Abweichungen in Farbe, Gewicht und Form sind m\u00f6glich.<\/p>\n<p>Weitere Informationen: <a href=\"https:\/\/moirai.si\/de\/aventurin\/\" target=\"_blank\" rel=\"noopener noreferrer\">Aventurin<\/a>, <a href=\"https:\/\/moirai.si\/de\/pendel\/\" target=\"_blank\" rel=\"noopener noreferrer\">Nihalo<\/a><\/p>\n<p>MATERIAL: gr\u00fcner Aventurin<br \/>\nGEWICHT: 5-15 g<br \/>\nGr\u00f6\u00dfe des Steins: ca. 3-5 cm<\/p>","protected":false},"excerpt":{"rendered":"<p>Nihalo iz Aventurina na posrebreni veri\u017eici, zaklju\u010deno z bunkico iz kamna za preprosto uporabo. Slika je simboli\u010dna. Mo\u017ena so manj\u0161a odstopanja v barvi, te\u017ei in obliki. Ve\u010d informacij: Aventurin, Nihalo MATERIAL: zeleni Aventurin TE\u017dA: 5-15 g VELIKOST KAMNOV: cca 3-5 cm<\/p>","protected":false},"featured_media":25790,"template":"","meta":[],"product_brand":[],"product_cat":[31,754],"product_tag":[200,368],"class_list":{"0":"post-15558","1":"product","2":"type-product","3":"status-publish","4":"has-post-thumbnail","6":"product_cat-aventurin","7":"product_cat-nihala","8":"product_tag-aventurin","9":"product_tag-nihalo","11":"first","12":"outofstock","13":"purchasable","14":"product-type-simple"},"_links":{"self":[{"href":"https:\/\/moirai.si\/de\/wp-json\/wp\/v2\/product\/15558","targetHints":{"allow":["GET"]}}],"collection":[{"href":"https:\/\/moirai.si\/de\/wp-json\/wp\/v2\/product"}],"about":[{"href":"https:\/\/moirai.si\/de\/wp-json\/wp\/v2\/types\/product"}],"wp:featuredmedia":[{"embeddable":true,"href":"https:\/\/moirai.si\/de\/wp-json\/wp\/v2\/media\/25790"}],"wp:attachment":[{"href":"https:\/\/moirai.si\/de\/wp-json\/wp\/v2\/media?parent=15558"}],"wp:term":[{"taxonomy":"product_brand","embeddable":true,"href":"https:\/\/moirai.si\/de\/wp-json\/wp\/v2\/product_brand?post=15558"},{"taxonomy":"product_cat","embeddable":true,"href":"https:\/\/moirai.si\/de\/wp-json\/wp\/v2\/product_cat?post=15558"},{"taxonomy":"product_tag","embeddable":true,"href":"https:\/\/moirai.si\/de\/wp-json\/wp\/v2\/product_tag?post=15558"}],"curies":[{"name":"wp","href":"https:\/\/api.w.org\/{rel}","templated":true}]}}