{"id":15962,"date":"2020-03-12T13:17:35","date_gmt":"2020-03-12T13:17:35","guid":{"rendered":"https:\/\/moirai.si\/?post_type=product&#038;p=15962"},"modified":"2025-11-24T09:09:07","modified_gmt":"2025-11-24T09:09:07","slug":"rodinirana-srebrna-925-verizica-70cm","status":"publish","type":"product","link":"https:\/\/moirai.si\/de\/izdelek\/rodinirana-srebrna-925-verizica-70cm\/","title":{"rendered":"Rhodinierte 925 Silber Kette 70cm"},"content":{"rendered":"<p>Rodinirana srebrna 925 veri\u017eica (70cm).<\/p>\n<p>MATERIAL: 925 rhodiniertes Silber<br \/>\nBREITE: 1,8 mm<br \/>\nGEWICHT: 3,8 g<br \/>\nL\u00c4NGE: 70 cm<br \/>\n\u00d6se zum Schlie\u00dfen des Verschlusses: 3mm<br \/>\nSchlie\u00dfe: 9mm<\/p>","protected":false},"excerpt":{"rendered":"<p>Rodinirana srebrna 925 veri\u017eica (70cm). MATERIAL: Rodinirano srebro 925 \u0160IRINA: 1.8 mm TE\u017dA: 3.8 g DOL\u017dINA: 70 cm ZANKA ZA ZAPIRANJE ZAPONKE: 3mm ZAPONKA: 9mm<\/p>","protected":false},"featured_media":21621,"template":"","meta":[],"product_brand":[],"product_cat":[818,819,1136,911],"product_tag":[1098],"class_list":{"0":"post-15962","1":"product","2":"type-product","3":"status-publish","4":"has-post-thumbnail","6":"product_cat-od-60-do-70cm","7":"product_cat-od-70cm","8":"product_cat-ogled-vseh","9":"product_cat-verizice-in-vrvice","10":"product_tag-rodinirana-srebrna-925-verizica-70cm","12":"first","13":"instock","14":"shipping-taxable","15":"purchasable","16":"product-type-simple"},"_links":{"self":[{"href":"https:\/\/moirai.si\/de\/wp-json\/wp\/v2\/product\/15962","targetHints":{"allow":["GET"]}}],"collection":[{"href":"https:\/\/moirai.si\/de\/wp-json\/wp\/v2\/product"}],"about":[{"href":"https:\/\/moirai.si\/de\/wp-json\/wp\/v2\/types\/product"}],"wp:featuredmedia":[{"embeddable":true,"href":"https:\/\/moirai.si\/de\/wp-json\/wp\/v2\/media\/21621"}],"wp:attachment":[{"href":"https:\/\/moirai.si\/de\/wp-json\/wp\/v2\/media?parent=15962"}],"wp:term":[{"taxonomy":"product_brand","embeddable":true,"href":"https:\/\/moirai.si\/de\/wp-json\/wp\/v2\/product_brand?post=15962"},{"taxonomy":"product_cat","embeddable":true,"href":"https:\/\/moirai.si\/de\/wp-json\/wp\/v2\/product_cat?post=15962"},{"taxonomy":"product_tag","embeddable":true,"href":"https:\/\/moirai.si\/de\/wp-json\/wp\/v2\/product_tag?post=15962"}],"curies":[{"name":"wp","href":"https:\/\/api.w.org\/{rel}","templated":true}]}}