{"id":16134,"date":"2020-04-22T12:54:08","date_gmt":"2020-04-22T12:54:08","guid":{"rendered":"https:\/\/moirai.si\/?post_type=product&#038;p=16134"},"modified":"2025-11-11T13:43:58","modified_gmt":"2025-11-11T13:43:58","slug":"dumortierit-2","status":"publish","type":"product","link":"https:\/\/moirai.si\/de\/izdelek\/dumortierit-2\/","title":{"rendered":"Dumortierit"},"content":{"rendered":"<p>\u010cudovit kos spoliranega Dumortierita (Afrika), primeren kot zdravilni ro\u010dni kamen ali kot darilo. Slika je simboli\u010dna. Mo\u017ena so manj\u0161a odstopanja v barvi, te\u017ei in obliki.<\/p>\n<p>Weitere Informationen: <a href=\"https:\/\/moirai.si\/de\/dumortierit\/\" target=\"_blank\" rel=\"noopener noreferrer\">Dumortierit<\/a><\/p>\n<p>MATERIAL: Dumortierit<br \/>\nABMESSUNGEN: 1,5-4 cm<br \/>\nTE\u017dA:\t10-25 g<\/p>","protected":false},"excerpt":{"rendered":"<p>\u010cudovit kos spoliranega Dumortierita (Afrika), primeren kot zdravilni ro\u010dni kamen ali kot darilo. Slika je simboli\u010dna. Mo\u017ena so manj\u0161a odstopanja v barvi, te\u017ei in obliki. Ve\u010d informacij: Dumortierit MATERIAL: Dumortierit DIMENZIJE: 1,5-4 cm TE\u017dA: 10-25 g<\/p>","protected":false},"featured_media":19084,"template":"","meta":[],"product_brand":[],"product_cat":[746,753],"product_tag":[828],"class_list":{"0":"post-16134","1":"product","2":"type-product","3":"status-publish","4":"has-post-thumbnail","6":"product_cat-dumortierit","7":"product_cat-rocni-kamni","8":"product_tag-dumortierit","10":"first","11":"instock","12":"shipping-taxable","13":"purchasable","14":"product-type-simple"},"_links":{"self":[{"href":"https:\/\/moirai.si\/de\/wp-json\/wp\/v2\/product\/16134","targetHints":{"allow":["GET"]}}],"collection":[{"href":"https:\/\/moirai.si\/de\/wp-json\/wp\/v2\/product"}],"about":[{"href":"https:\/\/moirai.si\/de\/wp-json\/wp\/v2\/types\/product"}],"wp:featuredmedia":[{"embeddable":true,"href":"https:\/\/moirai.si\/de\/wp-json\/wp\/v2\/media\/19084"}],"wp:attachment":[{"href":"https:\/\/moirai.si\/de\/wp-json\/wp\/v2\/media?parent=16134"}],"wp:term":[{"taxonomy":"product_brand","embeddable":true,"href":"https:\/\/moirai.si\/de\/wp-json\/wp\/v2\/product_brand?post=16134"},{"taxonomy":"product_cat","embeddable":true,"href":"https:\/\/moirai.si\/de\/wp-json\/wp\/v2\/product_cat?post=16134"},{"taxonomy":"product_tag","embeddable":true,"href":"https:\/\/moirai.si\/de\/wp-json\/wp\/v2\/product_tag?post=16134"}],"curies":[{"name":"wp","href":"https:\/\/api.w.org\/{rel}","templated":true}]}}