{"id":16251,"date":"2020-04-23T17:14:40","date_gmt":"2020-04-23T17:14:40","guid":{"rendered":"https:\/\/moirai.si\/?post_type=product&#038;p=16251"},"modified":"2025-07-07T16:48:32","modified_gmt":"2025-07-07T16:48:32","slug":"makramee-mix-10","status":"publish","type":"product","link":"https:\/\/moirai.si\/de\/izdelek\/macrame-mix-10\/","title":{"rendered":"Makramee-Mix"},"content":{"rendered":"<p>Unisex-Armband aus der Macrame-Kollektion, hergestellt aus Aventurin, H\u00e4matit und Moosachat. Das Armband ist flexibel und leicht zu tragen. <\/p>\n<p>MATERIAL: Aventurin, H\u00e4matit, Moosachat<br \/>\nL\u00c4NGE: einstellbar von 16-25 cm<br \/>\nGEWICHT: 14,8 g<br \/>\nSTEINGR\u00d6SSE: 8mm<\/p>","protected":false},"excerpt":{"rendered":"<p>Unisex zapestnica kolekcije Macrame, ki je narejena iz Aventurina, Hematita in Mahovnega Ahata. Zapestnica je prilagodljiva in enostavna za no\u0161enje. MATERIAL: Aventurin, Hematit, Mahovni Ahat DOL\u017dINA: prilagodljiva od 16-25 cm TE\u017dA: 14.8 g VELIKOST KAMNOV: 8mm<\/p>","protected":false},"featured_media":26123,"template":"","meta":[],"product_brand":[],"product_cat":[30,31,820,42,212,821,822,823,1137],"product_tag":[200,202,775],"class_list":{"0":"post-16251","1":"product","2":"type-product","3":"status-publish","4":"has-post-thumbnail","6":"product_cat-ahat","7":"product_cat-aventurin","8":"product_cat-do-18cm","9":"product_cat-hematit","10":"product_cat-macrame-2","11":"product_cat-od-18-do-19cm","12":"product_cat-od-19-do-20cm","13":"product_cat-od-20cm","14":"product_cat-ogled-vseh-zapestnice-2","15":"product_tag-aventurin","16":"product_tag-hematit","17":"product_tag-mahovni-ahat","19":"first","20":"instock","21":"shipping-taxable","22":"purchasable","23":"product-type-simple"},"_links":{"self":[{"href":"https:\/\/moirai.si\/de\/wp-json\/wp\/v2\/product\/16251","targetHints":{"allow":["GET"]}}],"collection":[{"href":"https:\/\/moirai.si\/de\/wp-json\/wp\/v2\/product"}],"about":[{"href":"https:\/\/moirai.si\/de\/wp-json\/wp\/v2\/types\/product"}],"wp:featuredmedia":[{"embeddable":true,"href":"https:\/\/moirai.si\/de\/wp-json\/wp\/v2\/media\/26123"}],"wp:attachment":[{"href":"https:\/\/moirai.si\/de\/wp-json\/wp\/v2\/media?parent=16251"}],"wp:term":[{"taxonomy":"product_brand","embeddable":true,"href":"https:\/\/moirai.si\/de\/wp-json\/wp\/v2\/product_brand?post=16251"},{"taxonomy":"product_cat","embeddable":true,"href":"https:\/\/moirai.si\/de\/wp-json\/wp\/v2\/product_cat?post=16251"},{"taxonomy":"product_tag","embeddable":true,"href":"https:\/\/moirai.si\/de\/wp-json\/wp\/v2\/product_tag?post=16251"}],"curies":[{"name":"wp","href":"https:\/\/api.w.org\/{rel}","templated":true}]}}