{"id":16525,"date":"2020-07-29T11:54:51","date_gmt":"2020-07-29T11:54:51","guid":{"rendered":"https:\/\/moirai.si\/?post_type=product&#038;p=16525"},"modified":"2022-11-27T12:17:56","modified_gmt":"2022-11-27T12:17:56","slug":"versy-rutil-9","status":"publish","type":"product","link":"https:\/\/moirai.si\/de\/izdelek\/versy-rutil-9\/","title":{"rendered":"Versy Rutil"},"content":{"rendered":"<p>Einzigartiger Anh\u00e4nger aus der Versy-Kollektion von Rutile an einem schwarzen Lederband mit verstellbarer L\u00e4nge (den Knoten nach oben oder unten ziehen). Die Kette ist unisex und f\u00fcr Kinder und Erwachsene geeignet. <\/p>\n<p>Weitere Informationen: <a href=\"https:\/\/moirai.si\/de\/rutil\/\" target=\"_blank\" rel=\"noopener noreferrer\">Rutil<\/a><\/p>\n<p>MATERIAL: Rutil, \u010drno usnje<br \/>\nL\u00c4NGE: flexibel (38-77 cm)<br \/>\nGEWICHT: 15,1 g<br \/>\nVELIKOST KAMNA: 2.6 x 2.9 cm<br \/>\nSTEINST\u00c4RKE: 1,2 cm<\/p>","protected":false},"excerpt":{"rendered":"<p>Unikaten obesek kolekcije Versy iz Rutila na \u010drnem usnjenem traku s prilagodljivo dol\u017eino (poteg vozla gor oz. dol). Ogrlica je unisex in je primerna za otroke in odrasle. Ve\u010d informacij: Rutil MATERIAL: Rutil, \u010drno usnje DOL\u017dINA: prilagodljiva (38-77 cm) TE\u017dA: 15.1 g VELIKOST KAMNA: 2.6 x 2.9 cm DEBELINA KAMNA: 1.2 cm<\/p>","protected":false},"featured_media":16526,"template":"","meta":[],"product_brand":[],"product_cat":[92,72,309],"product_tag":[648,314],"class_list":{"0":"post-16525","1":"product","2":"type-product","3":"status-publish","4":"has-post-thumbnail","6":"product_cat-obeski-in-usnje","7":"product_cat-rutil","8":"product_cat-versy","9":"product_tag-crno-usnje","10":"product_tag-rutil","12":"first","13":"instock","14":"shipping-taxable","15":"purchasable","16":"product-type-simple"},"_links":{"self":[{"href":"https:\/\/moirai.si\/de\/wp-json\/wp\/v2\/product\/16525","targetHints":{"allow":["GET"]}}],"collection":[{"href":"https:\/\/moirai.si\/de\/wp-json\/wp\/v2\/product"}],"about":[{"href":"https:\/\/moirai.si\/de\/wp-json\/wp\/v2\/types\/product"}],"wp:featuredmedia":[{"embeddable":true,"href":"https:\/\/moirai.si\/de\/wp-json\/wp\/v2\/media\/16526"}],"wp:attachment":[{"href":"https:\/\/moirai.si\/de\/wp-json\/wp\/v2\/media?parent=16525"}],"wp:term":[{"taxonomy":"product_brand","embeddable":true,"href":"https:\/\/moirai.si\/de\/wp-json\/wp\/v2\/product_brand?post=16525"},{"taxonomy":"product_cat","embeddable":true,"href":"https:\/\/moirai.si\/de\/wp-json\/wp\/v2\/product_cat?post=16525"},{"taxonomy":"product_tag","embeddable":true,"href":"https:\/\/moirai.si\/de\/wp-json\/wp\/v2\/product_tag?post=16525"}],"curies":[{"name":"wp","href":"https:\/\/api.w.org\/{rel}","templated":true}]}}