{"id":16925,"date":"2020-08-17T11:21:27","date_gmt":"2020-08-17T11:21:27","guid":{"rendered":"https:\/\/moirai.si\/?post_type=product&#038;p=16925"},"modified":"2026-02-02T09:50:33","modified_gmt":"2026-02-02T09:50:33","slug":"nihalo-oniks","status":"publish","type":"product","link":"https:\/\/moirai.si\/de\/izdelek\/nihalo-oniks\/","title":{"rendered":"Nihalo Oniks"},"content":{"rendered":"<p>Nihalo iz Oniksa na posrebreni veri\u017eici, zaklju\u010deno z bunkico iz kamna za preprosto uporabo. Slika je simboli\u010dna. Mo\u017ena so manj\u0161a odstopanja v barvi, te\u017ei in obliki.<\/p>\n<p>Weitere Informationen: <a href=\"https:\/\/moirai.si\/de\/onyx-2\/\" target=\"_blank\" rel=\"noopener noreferrer\">Onyx<\/a>, <a href=\"https:\/\/moirai.si\/de\/pendel\/\" target=\"_blank\" rel=\"noopener noreferrer\">Nihalo<\/a><\/p>\n<p>MATERIAL: Onyx<br \/>\nGEWICHT: 5-15 g<br \/>\nSTEINGR\u00d6SSE: 3-5 cm<\/p>","protected":false},"excerpt":{"rendered":"<p>Nihalo iz Oniksa na posrebreni veri\u017eici, zaklju\u010deno z bunkico iz kamna za preprosto uporabo. Slika je simboli\u010dna. Mo\u017ena so manj\u0161a odstopanja v barvi, te\u017ei in obliki. Ve\u010d informacij: Oniks, Nihalo MATERIAL: Oniks TE\u017dA: 5-15 g VELIKOST KAMNOV: 3-5 cm<\/p>","protected":false},"featured_media":16926,"template":"","meta":[],"product_brand":[],"product_cat":[754,62],"product_tag":[206],"class_list":{"0":"post-16925","1":"product","2":"type-product","3":"status-publish","4":"has-post-thumbnail","6":"product_cat-nihala","7":"product_cat-oniks","8":"product_tag-oniks","10":"first","11":"outofstock","12":"shipping-taxable","13":"purchasable","14":"product-type-simple"},"_links":{"self":[{"href":"https:\/\/moirai.si\/de\/wp-json\/wp\/v2\/product\/16925","targetHints":{"allow":["GET"]}}],"collection":[{"href":"https:\/\/moirai.si\/de\/wp-json\/wp\/v2\/product"}],"about":[{"href":"https:\/\/moirai.si\/de\/wp-json\/wp\/v2\/types\/product"}],"wp:featuredmedia":[{"embeddable":true,"href":"https:\/\/moirai.si\/de\/wp-json\/wp\/v2\/media\/16926"}],"wp:attachment":[{"href":"https:\/\/moirai.si\/de\/wp-json\/wp\/v2\/media?parent=16925"}],"wp:term":[{"taxonomy":"product_brand","embeddable":true,"href":"https:\/\/moirai.si\/de\/wp-json\/wp\/v2\/product_brand?post=16925"},{"taxonomy":"product_cat","embeddable":true,"href":"https:\/\/moirai.si\/de\/wp-json\/wp\/v2\/product_cat?post=16925"},{"taxonomy":"product_tag","embeddable":true,"href":"https:\/\/moirai.si\/de\/wp-json\/wp\/v2\/product_tag?post=16925"}],"curies":[{"name":"wp","href":"https:\/\/api.w.org\/{rel}","templated":true}]}}