{"id":16975,"date":"2020-08-18T14:16:05","date_gmt":"2020-08-18T14:16:05","guid":{"rendered":"https:\/\/moirai.si\/?post_type=product&#038;p=16975"},"modified":"2025-10-23T10:34:41","modified_gmt":"2025-10-23T10:34:41","slug":"makramee-mix","status":"publish","type":"product","link":"https:\/\/moirai.si\/de\/izdelek\/macrame-mix\/","title":{"rendered":"Makramee-Mix"},"content":{"rendered":"<p>Unisex-Armband aus der Macrame-Kollektion, hergestellt aus verschiedenen Steinen. Das Armband ist flexibel und leicht zu tragen. <\/p>\n<p>MATERIAL: Steinblitz, Johannisbrot, Amethyst, Rutil, Achat<br \/>\nL\u00c4NGE: einstellbar von 16-25 cm<br \/>\nGEWICHT: 35,6 g<br \/>\nSteingr\u00f6\u00dfe: 6-22 mm<\/p>","protected":false},"excerpt":{"rendered":"<p>Unisex zapestnica kolekcije Macrame, ki je narejena iz razli\u010dnih kamnov. Zapestnica je prilagodljiva in enostavna za no\u0161enje. MATERIAL: Kamena Strela, Ro\u017eevec, Ametist, Rutil, Ahat DOL\u017dINA: prilagodljiva od 16-25 cm TE\u017dA: 35.6 g VELIKOST KAMNOV: 6-22 mm<\/p>","protected":false},"featured_media":16976,"template":"","meta":[],"product_brand":[],"product_cat":[30,33,820,68,848,212,821,822,823,1137,69,72],"product_tag":[277,195,203,225,314],"class_list":{"0":"post-16975","1":"product","2":"type-product","3":"status-publish","4":"has-post-thumbnail","6":"product_cat-ahat","7":"product_cat-ametist","8":"product_cat-do-18cm","9":"product_cat-kamena-strela","10":"product_cat-kvarc","11":"product_cat-macrame-2","12":"product_cat-od-18-do-19cm","13":"product_cat-od-19-do-20cm","14":"product_cat-od-20cm","15":"product_cat-ogled-vseh-zapestnice-2","16":"product_cat-rozevec","17":"product_cat-rutil","18":"product_tag-ahat","19":"product_tag-ametist","20":"product_tag-kamena-strela","21":"product_tag-rozevec","22":"product_tag-rutil","24":"first","25":"instock","26":"shipping-taxable","27":"purchasable","28":"product-type-simple"},"_links":{"self":[{"href":"https:\/\/moirai.si\/de\/wp-json\/wp\/v2\/product\/16975","targetHints":{"allow":["GET"]}}],"collection":[{"href":"https:\/\/moirai.si\/de\/wp-json\/wp\/v2\/product"}],"about":[{"href":"https:\/\/moirai.si\/de\/wp-json\/wp\/v2\/types\/product"}],"wp:featuredmedia":[{"embeddable":true,"href":"https:\/\/moirai.si\/de\/wp-json\/wp\/v2\/media\/16976"}],"wp:attachment":[{"href":"https:\/\/moirai.si\/de\/wp-json\/wp\/v2\/media?parent=16975"}],"wp:term":[{"taxonomy":"product_brand","embeddable":true,"href":"https:\/\/moirai.si\/de\/wp-json\/wp\/v2\/product_brand?post=16975"},{"taxonomy":"product_cat","embeddable":true,"href":"https:\/\/moirai.si\/de\/wp-json\/wp\/v2\/product_cat?post=16975"},{"taxonomy":"product_tag","embeddable":true,"href":"https:\/\/moirai.si\/de\/wp-json\/wp\/v2\/product_tag?post=16975"}],"curies":[{"name":"wp","href":"https:\/\/api.w.org\/{rel}","templated":true}]}}