{"id":17060,"date":"2020-08-31T09:07:53","date_gmt":"2020-08-31T09:07:53","guid":{"rendered":"https:\/\/moirai.si\/?post_type=product&#038;p=17060"},"modified":"2025-08-19T20:35:04","modified_gmt":"2025-08-19T20:35:04","slug":"versy-jasper-4","status":"publish","type":"product","link":"https:\/\/moirai.si\/de\/izdelek\/versy-jaspis-4\/","title":{"rendered":"Versy Jaspis"},"content":{"rendered":"<p>Einzigartiger Anh\u00e4nger aus der Versy-Kollektion in Jaspis an einem schwarzen Lederband mit verstellbarer L\u00e4nge (den Knoten nach oben oder unten ziehen). Die Halskette ist unisex und f\u00fcr Kinder und Erwachsene geeignet. <\/p>\n<p>Weitere Informationen: <a href=\"https:\/\/moirai.si\/de\/jaspis\/\" target=\"_blank\" rel=\"noopener noreferrer\">Jaspis <\/a><\/p>\n<p>MATERIAL: Jaspis (Herz), schwarzes Leder<br \/>\nL\u00c4NGE: flexibel (38-77 cm)<br \/>\nGEWICHT:28,1 g<br \/>\nGr\u00f6\u00dfe des Steins: 3,8-4 cm<br \/>\nSTEINST\u00c4RKE: 1,3 cm<\/p>","protected":false},"excerpt":{"rendered":"<p>Unikaten obesek kolekcije Versy iz Jaspisa na \u010drnem usnjenem traku s prilagodljivo dol\u017eino (poteg vozla gor oz. dol). Ogrlica je unisex in je primerna za otroke in odrasle. Ve\u010d informacij: Jaspis MATERIAL: Jaspis (srce), \u010drno usnje DOL\u017dINA: prilagodljiva (38-77 cm) TE\u017dA:28,1 g VELIKOST KAMNA: 3.8-4 cm DEBELINA KAMNA: 1.3 cm<\/p>","protected":false},"featured_media":18209,"template":"","meta":[],"product_brand":[],"product_cat":[47,92,309],"product_tag":[648,689],"class_list":{"0":"post-17060","1":"product","2":"type-product","3":"status-publish","4":"has-post-thumbnail","6":"product_cat-jaspis","7":"product_cat-obeski-in-usnje","8":"product_cat-versy","9":"product_tag-crno-usnje","10":"product_tag-jaspis-srce","12":"first","13":"instock","14":"shipping-taxable","15":"purchasable","16":"product-type-simple"},"_links":{"self":[{"href":"https:\/\/moirai.si\/de\/wp-json\/wp\/v2\/product\/17060","targetHints":{"allow":["GET"]}}],"collection":[{"href":"https:\/\/moirai.si\/de\/wp-json\/wp\/v2\/product"}],"about":[{"href":"https:\/\/moirai.si\/de\/wp-json\/wp\/v2\/types\/product"}],"wp:featuredmedia":[{"embeddable":true,"href":"https:\/\/moirai.si\/de\/wp-json\/wp\/v2\/media\/18209"}],"wp:attachment":[{"href":"https:\/\/moirai.si\/de\/wp-json\/wp\/v2\/media?parent=17060"}],"wp:term":[{"taxonomy":"product_brand","embeddable":true,"href":"https:\/\/moirai.si\/de\/wp-json\/wp\/v2\/product_brand?post=17060"},{"taxonomy":"product_cat","embeddable":true,"href":"https:\/\/moirai.si\/de\/wp-json\/wp\/v2\/product_cat?post=17060"},{"taxonomy":"product_tag","embeddable":true,"href":"https:\/\/moirai.si\/de\/wp-json\/wp\/v2\/product_tag?post=17060"}],"curies":[{"name":"wp","href":"https:\/\/api.w.org\/{rel}","templated":true}]}}