{"id":17062,"date":"2020-08-31T09:15:54","date_gmt":"2020-08-31T09:15:54","guid":{"rendered":"https:\/\/moirai.si\/?post_type=product&#038;p=17062"},"modified":"2026-03-26T13:23:44","modified_gmt":"2026-03-26T13:23:44","slug":"klassischer-amazonit-4","status":"publish","type":"product","link":"https:\/\/moirai.si\/de\/izdelek\/clasic-amazonit-4\/","title":{"rendered":"Klassisches Amazonit"},"content":{"rendered":"<p>Elegantes Armband aus der Clasic-Kollektion, hergestellt aus Amazonit und 925er-Sterlingsilber-Elementen, aufgereiht auf einem weichen, aber starken Stahldraht. Die Abbildung ist symbolisch. Leichte Farbabweichungen sind m\u00f6glich. <\/p>\n<p>Weitere Informationen: <a href=\"https:\/\/moirai.si\/de\/amazonit\/\" target=\"_blank\" rel=\"noopener noreferrer\">Amazonit<\/a><\/p>\n<p>MATERIAL: Amazonit, rhodiniert 925<br \/>\nL\u00c4NGE: einstellbar 16,5-19 cm<br \/>\nGEWICHT: 8,4 g<br \/>\nSTEINGR\u00d6SSE: 5 mm<br \/>\nSchlie\u00dfe: 9 mm<\/p>","protected":false},"excerpt":{"rendered":"<p>Elegantna zapestnica kolekcije Clasic, ki je narejena iz Amazonita ter rodiniranih srebrnih 925 elementov, nizana na mehko, vendar mo\u010dno jekleno \u017eico. Slika je simboli\u010dna. Mo\u017ena so manj\u0161a odstopanja v barvi. Ve\u010d informacij: Amazonit MATERIAL: Amazonit, rodinirano rebro 925 DOL\u017dINA: prilagodljiva 16.5-19 cm TE\u017dA: 8.4 g VELIKOST KAMNOV: 5 mm ZAPONKA: 9 mm<\/p>","protected":false},"featured_media":23814,"template":"","meta":[],"product_brand":[],"product_cat":[32,208,820,821,822,1137],"product_tag":[228,1087],"class_list":{"0":"post-17062","1":"product","2":"type-product","3":"status-publish","4":"has-post-thumbnail","6":"product_cat-amazonit","7":"product_cat-clasic","8":"product_cat-do-18cm","9":"product_cat-od-18-do-19cm","10":"product_cat-od-19-do-20cm","11":"product_cat-ogled-vseh-zapestnice-2","12":"product_tag-amazonit","13":"product_tag-rodinirano-rebro-925","15":"first","16":"instock","17":"shipping-taxable","18":"purchasable","19":"product-type-simple"},"_links":{"self":[{"href":"https:\/\/moirai.si\/de\/wp-json\/wp\/v2\/product\/17062","targetHints":{"allow":["GET"]}}],"collection":[{"href":"https:\/\/moirai.si\/de\/wp-json\/wp\/v2\/product"}],"about":[{"href":"https:\/\/moirai.si\/de\/wp-json\/wp\/v2\/types\/product"}],"wp:featuredmedia":[{"embeddable":true,"href":"https:\/\/moirai.si\/de\/wp-json\/wp\/v2\/media\/23814"}],"wp:attachment":[{"href":"https:\/\/moirai.si\/de\/wp-json\/wp\/v2\/media?parent=17062"}],"wp:term":[{"taxonomy":"product_brand","embeddable":true,"href":"https:\/\/moirai.si\/de\/wp-json\/wp\/v2\/product_brand?post=17062"},{"taxonomy":"product_cat","embeddable":true,"href":"https:\/\/moirai.si\/de\/wp-json\/wp\/v2\/product_cat?post=17062"},{"taxonomy":"product_tag","embeddable":true,"href":"https:\/\/moirai.si\/de\/wp-json\/wp\/v2\/product_tag?post=17062"}],"curies":[{"name":"wp","href":"https:\/\/api.w.org\/{rel}","templated":true}]}}