{"id":17080,"date":"2020-08-31T10:24:43","date_gmt":"2020-08-31T10:24:43","guid":{"rendered":"https:\/\/moirai.si\/?post_type=product&#038;p=17080"},"modified":"2025-01-13T14:54:42","modified_gmt":"2025-01-13T14:54:42","slug":"clasic-sardoniks","status":"publish","type":"product","link":"https:\/\/moirai.si\/de\/izdelek\/clasic-sardoniks\/","title":{"rendered":"Clasic Sardoniks"},"content":{"rendered":"<p>Elegantna zapestnica kolekcije Clasic, ki je narejena iz Sardoniksa ter rodiniranih srebrnih 925 elementov, nizana na mehko, vendar mo\u010dno jekleno \u017eico in zaklju\u010dena s srebrnimi elementi.     <\/p>\n<p>MATERIAL: Sardoniks, rodinirano Srebro 925<br \/>\nL\u00c4NGE: einstellbar 17,5-20 cm<br \/>\nGEWICHT: 14,6 g<br \/>\nSteingr\u00f6\u00dfe: 6-8 mm<br \/>\nSchlie\u00dfe: 9mm<\/p>","protected":false},"excerpt":{"rendered":"<p>Elegantna zapestnica kolekcije Clasic, ki je narejena iz Sardoniksa ter rodiniranih srebrnih 925 elementov, nizana na mehko, vendar mo\u010dno jekleno \u017eico in zaklju\u010dena s srebrnimi elementi. MATERIAL: Sardoniks, rodinirano Srebro 925 DOL\u017dINA: prilagodljiva 17,5-20 cm TE\u017dA: 14.6 g VELIKOST KAMNOV: 6-8 mm ZAPONKA: 9mm<\/p>","protected":false},"featured_media":24118,"template":"","meta":[],"product_brand":[],"product_cat":[208,820,821,822,823,1137],"product_tag":[637,544],"class_list":{"0":"post-17080","1":"product","2":"type-product","3":"status-publish","4":"has-post-thumbnail","6":"product_cat-clasic","7":"product_cat-do-18cm","8":"product_cat-od-18-do-19cm","9":"product_cat-od-19-do-20cm","10":"product_cat-od-20cm","11":"product_cat-ogled-vseh-zapestnice-2","12":"product_tag-rodinirano-srebro-925","13":"product_tag-sardoniks","15":"first","16":"outofstock","17":"shipping-taxable","18":"purchasable","19":"product-type-simple"},"_links":{"self":[{"href":"https:\/\/moirai.si\/de\/wp-json\/wp\/v2\/product\/17080","targetHints":{"allow":["GET"]}}],"collection":[{"href":"https:\/\/moirai.si\/de\/wp-json\/wp\/v2\/product"}],"about":[{"href":"https:\/\/moirai.si\/de\/wp-json\/wp\/v2\/types\/product"}],"wp:featuredmedia":[{"embeddable":true,"href":"https:\/\/moirai.si\/de\/wp-json\/wp\/v2\/media\/24118"}],"wp:attachment":[{"href":"https:\/\/moirai.si\/de\/wp-json\/wp\/v2\/media?parent=17080"}],"wp:term":[{"taxonomy":"product_brand","embeddable":true,"href":"https:\/\/moirai.si\/de\/wp-json\/wp\/v2\/product_brand?post=17080"},{"taxonomy":"product_cat","embeddable":true,"href":"https:\/\/moirai.si\/de\/wp-json\/wp\/v2\/product_cat?post=17080"},{"taxonomy":"product_tag","embeddable":true,"href":"https:\/\/moirai.si\/de\/wp-json\/wp\/v2\/product_tag?post=17080"}],"curies":[{"name":"wp","href":"https:\/\/api.w.org\/{rel}","templated":true}]}}