{"id":17086,"date":"2020-08-31T11:01:39","date_gmt":"2020-08-31T11:01:39","guid":{"rendered":"https:\/\/moirai.si\/?post_type=product&#038;p=17086"},"modified":"2025-01-13T14:54:33","modified_gmt":"2025-01-13T14:54:33","slug":"clasic-akvamarin-4","status":"publish","type":"product","link":"https:\/\/moirai.si\/de\/izdelek\/clasic-akvamarin-4\/","title":{"rendered":"Klassischer Aquamarin"},"content":{"rendered":"<p>Elegantna zapestnica kolekcije Clasic, ki je narejena iz Akvamarina. Zapestnica je nizana na mehko, vendar mo\u010dno jekleno \u017eico. Slika je simboli\u010dna. Mo\u017ena so manj\u0161a odstopanja v barvi in te\u017ei.<\/p>\n<p>Weitere Informationen: <a href=\"https:\/\/moirai.si\/de\/aquamarin\/\" target=\"_blank\" rel=\"noopener noreferrer\">Aquamarin<\/a><\/p>\n<p>MATERIAL: Aquamarin, rhodiniertes 925er Silber<br \/>\nL\u00c4NGE: einstellbar 17-19,5 cm<br \/>\nGEWICHT: 9 g<br \/>\nSTEINGR\u00d6SSE: 6 mm<br \/>\nSchlie\u00dfe: 9 mm<\/p>","protected":false},"excerpt":{"rendered":"<p>Elegantna zapestnica kolekcije Clasic, ki je narejena iz Akvamarina. Zapestnica je nizana na mehko, vendar mo\u010dno jekleno \u017eico. Slika je simboli\u010dna. Mo\u017ena so manj\u0161a odstopanja v barvi in te\u017ei. Ve\u010d informacij: Akvamarin MATERIAL: Akvamarin, rodinirano Srebro 925 DOL\u017dINA: prilagodljiva 17-19,5 cm TE\u017dA: 9 g VELIKOST KAMNOV: 6 mm ZAPONKA: 9 mm<\/p>","protected":false},"featured_media":24994,"template":"","meta":[],"product_brand":[],"product_cat":[34,208,820,821,1137],"product_tag":[311,637],"class_list":{"0":"post-17086","1":"product","2":"type-product","3":"status-publish","4":"has-post-thumbnail","6":"product_cat-akvamarin","7":"product_cat-clasic","8":"product_cat-do-18cm","9":"product_cat-od-18-do-19cm","10":"product_cat-ogled-vseh-zapestnice-2","11":"product_tag-akvamarin","12":"product_tag-rodinirano-srebro-925","14":"first","15":"instock","16":"shipping-taxable","17":"purchasable","18":"product-type-simple"},"_links":{"self":[{"href":"https:\/\/moirai.si\/de\/wp-json\/wp\/v2\/product\/17086","targetHints":{"allow":["GET"]}}],"collection":[{"href":"https:\/\/moirai.si\/de\/wp-json\/wp\/v2\/product"}],"about":[{"href":"https:\/\/moirai.si\/de\/wp-json\/wp\/v2\/types\/product"}],"wp:featuredmedia":[{"embeddable":true,"href":"https:\/\/moirai.si\/de\/wp-json\/wp\/v2\/media\/24994"}],"wp:attachment":[{"href":"https:\/\/moirai.si\/de\/wp-json\/wp\/v2\/media?parent=17086"}],"wp:term":[{"taxonomy":"product_brand","embeddable":true,"href":"https:\/\/moirai.si\/de\/wp-json\/wp\/v2\/product_brand?post=17086"},{"taxonomy":"product_cat","embeddable":true,"href":"https:\/\/moirai.si\/de\/wp-json\/wp\/v2\/product_cat?post=17086"},{"taxonomy":"product_tag","embeddable":true,"href":"https:\/\/moirai.si\/de\/wp-json\/wp\/v2\/product_tag?post=17086"}],"curies":[{"name":"wp","href":"https:\/\/api.w.org\/{rel}","templated":true}]}}