{"id":17112,"date":"2020-09-01T16:23:18","date_gmt":"2020-09-01T16:23:18","guid":{"rendered":"https:\/\/moirai.si\/?post_type=product&#038;p=17112"},"modified":"2025-10-23T10:33:34","modified_gmt":"2025-10-23T10:33:34","slug":"le-petit-mix-9","status":"publish","type":"product","link":"https:\/\/moirai.si\/de\/izdelek\/le-petit-mix-9\/","title":{"rendered":"Le Petit Mix"},"content":{"rendered":"<p>Ein zartes Armband aus der Kollektion Le Petit, das aus verschiedenen Steinen besteht.  <\/p>\n<p>MATERIAL: H\u00e4matit, Rosenquarz, Regenbogenmondstein (wei\u00dfer Labradorit), Granat, Aventurin, Amethyst, Karneol, Amazonit, Onyx, Sterling Silber 925<br \/>\nL\u00c4NGE: 17,5cm<br \/>\nGEWICHT: 7,1 g<br \/>\nSTEINGR\u00d6SSE: 4-6mm<br \/>\nSchlie\u00dfe: 9mm<\/p>","protected":false},"excerpt":{"rendered":"<p>Ne\u017ena zapestnica kolekcije Le Petit, ki je narejena iz razli\u010dnih kamnov. MATERIAL: Hematit, Ro\u017eevec, Mavri\u010dni Mese\u010dev Kamen (beli Labradorit), Granat, Aventurin, Ametist, Karneol, Amazonit, Oniks, Srebro 925 DOL\u017dINA: 17,5cm TE\u017dA: 7.1 g VELIKOST KAMNOV: 4-6mm ZAPONKA: 9mm<\/p>","protected":false},"featured_media":17113,"template":"","meta":[],"product_brand":[],"product_cat":[32,33,31,820,41,42,48,848,54,211,59,1137,62,69],"product_tag":[228,195,200,931,201,202,198,279,206,225,371],"class_list":{"0":"post-17112","1":"product","2":"type-product","3":"status-publish","4":"has-post-thumbnail","6":"product_cat-amazonit","7":"product_cat-ametist","8":"product_cat-aventurin","9":"product_cat-do-18cm","10":"product_cat-granat","11":"product_cat-hematit","12":"product_cat-karneol","13":"product_cat-kvarc","14":"product_cat-labradorit","15":"product_cat-le-petit","16":"product_cat-mesecev-kamen","17":"product_cat-ogled-vseh-zapestnice-2","18":"product_cat-oniks","19":"product_cat-rozevec","20":"product_tag-amazonit","21":"product_tag-ametist","22":"product_tag-aventurin","23":"product_tag-beli-labradorit","24":"product_tag-granat","25":"product_tag-hematit","26":"product_tag-karneol","27":"product_tag-mavricni-mesecev-kamen","28":"product_tag-oniks","29":"product_tag-rozevec","30":"product_tag-srebro-925","32":"first","33":"instock","34":"shipping-taxable","35":"purchasable","36":"product-type-simple"},"_links":{"self":[{"href":"https:\/\/moirai.si\/de\/wp-json\/wp\/v2\/product\/17112","targetHints":{"allow":["GET"]}}],"collection":[{"href":"https:\/\/moirai.si\/de\/wp-json\/wp\/v2\/product"}],"about":[{"href":"https:\/\/moirai.si\/de\/wp-json\/wp\/v2\/types\/product"}],"wp:featuredmedia":[{"embeddable":true,"href":"https:\/\/moirai.si\/de\/wp-json\/wp\/v2\/media\/17113"}],"wp:attachment":[{"href":"https:\/\/moirai.si\/de\/wp-json\/wp\/v2\/media?parent=17112"}],"wp:term":[{"taxonomy":"product_brand","embeddable":true,"href":"https:\/\/moirai.si\/de\/wp-json\/wp\/v2\/product_brand?post=17112"},{"taxonomy":"product_cat","embeddable":true,"href":"https:\/\/moirai.si\/de\/wp-json\/wp\/v2\/product_cat?post=17112"},{"taxonomy":"product_tag","embeddable":true,"href":"https:\/\/moirai.si\/de\/wp-json\/wp\/v2\/product_tag?post=17112"}],"curies":[{"name":"wp","href":"https:\/\/api.w.org\/{rel}","templated":true}]}}