{"id":17114,"date":"2020-09-01T16:25:09","date_gmt":"2020-09-01T16:25:09","guid":{"rendered":"https:\/\/moirai.si\/?post_type=product&#038;p=17114"},"modified":"2025-01-13T14:53:16","modified_gmt":"2025-01-13T14:53:16","slug":"le-petit-mix-10","status":"publish","type":"product","link":"https:\/\/moirai.si\/de\/izdelek\/le-petit-mix-10\/","title":{"rendered":"Le Petit Mix"},"content":{"rendered":"<p>Ein zartes Armband aus der Kollektion Le Petit, das aus verschiedenen Steinen besteht. Das Armband ist auf einem weichen, aber starken Stahldraht aufgef\u00e4delt und mit silbernen Elementen versehen. Die L\u00e4nge des Armbands kann nach Belieben angepasst werden. Bitte geben Sie die gew\u00fcnschte L\u00e4nge des Armbands beim Kauf in der Notiz an. F\u00fcr weitere Informationen \u00fcber die L\u00e4nge des Armbands klicken Sie bitte hier: <a href=\"https:\/\/moirai.si\/de\/uber-schmuck\/\" target=\"_blank\" rel=\"noopener noreferrer\">\u00fcber Schmuck<\/a>  <\/p>\n<p>MATERIAL: H\u00e4matit, Aventurin, Sterling Silber 925<br \/>\nL\u00c4NGE: 17,5cm<br \/>\nGEWICHT: 6,9 g<br \/>\nSTEINGR\u00d6SSE: 4-6mm<br \/>\nSchlie\u00dfe: 9mm<\/p>","protected":false},"excerpt":{"rendered":"<p>Ne\u017ena zapestnica kolekcije Le Petit, ki je narejena iz razli\u010dnih kamnov. Zapestnica je nizana na mehko, vendar mo\u010dno jekleno \u017eico in zaklju\u010dena s srebrnimi elementi. Dol\u017eino zapestnice je mo\u017eno prilagoditi va\u0161im \u017eeljam. \u017deljeno dol\u017eino zapestnice nam pripi\u0161ite v opombo pri nakupu. Ve\u010d informacij glede dol\u017eine zapestnice si lahko pogledate tukaj: o nakitu MATERIAL: Hematit, Aventurin, [&hellip;]<\/p>\n","protected":false},"featured_media":17115,"template":"","meta":[],"product_brand":[],"product_cat":[31,820,42,211,1137],"product_tag":[200,202,371],"class_list":{"0":"post-17114","1":"product","2":"type-product","3":"status-publish","4":"has-post-thumbnail","6":"product_cat-aventurin","7":"product_cat-do-18cm","8":"product_cat-hematit","9":"product_cat-le-petit","10":"product_cat-ogled-vseh-zapestnice-2","11":"product_tag-aventurin","12":"product_tag-hematit","13":"product_tag-srebro-925","15":"first","16":"instock","17":"shipping-taxable","18":"purchasable","19":"product-type-simple"},"_links":{"self":[{"href":"https:\/\/moirai.si\/de\/wp-json\/wp\/v2\/product\/17114","targetHints":{"allow":["GET"]}}],"collection":[{"href":"https:\/\/moirai.si\/de\/wp-json\/wp\/v2\/product"}],"about":[{"href":"https:\/\/moirai.si\/de\/wp-json\/wp\/v2\/types\/product"}],"wp:featuredmedia":[{"embeddable":true,"href":"https:\/\/moirai.si\/de\/wp-json\/wp\/v2\/media\/17115"}],"wp:attachment":[{"href":"https:\/\/moirai.si\/de\/wp-json\/wp\/v2\/media?parent=17114"}],"wp:term":[{"taxonomy":"product_brand","embeddable":true,"href":"https:\/\/moirai.si\/de\/wp-json\/wp\/v2\/product_brand?post=17114"},{"taxonomy":"product_cat","embeddable":true,"href":"https:\/\/moirai.si\/de\/wp-json\/wp\/v2\/product_cat?post=17114"},{"taxonomy":"product_tag","embeddable":true,"href":"https:\/\/moirai.si\/de\/wp-json\/wp\/v2\/product_tag?post=17114"}],"curies":[{"name":"wp","href":"https:\/\/api.w.org\/{rel}","templated":true}]}}