{"id":17168,"date":"2020-09-06T12:33:36","date_gmt":"2020-09-06T12:33:36","guid":{"rendered":"https:\/\/moirai.si\/?post_type=product&#038;p=17168"},"modified":"2025-01-13T14:52:14","modified_gmt":"2025-01-13T14:52:14","slug":"klassischer-aquamarin-5","status":"publish","type":"product","link":"https:\/\/moirai.si\/de\/izdelek\/clasic-akvamarin-5\/","title":{"rendered":"Klassischer Aquamarin"},"content":{"rendered":"<p>Elegantes Armband aus der Clasic-Kollektion, hergestellt aus Aquamarin und 925er Sterlingsilber. Das Armband ist auf einem weichen, aber starken Stahldraht aufgezogen. <\/p>\n<p>Weitere Informationen: <a href=\"https:\/\/moirai.si\/de\/aquamarin\/\" target=\"_blank\" rel=\"noopener noreferrer\">Aquamarin<\/a><\/p>\n<p>MATERIAL: Aquamarin, rhodiniertes 925er Silber<br \/>\nL\u00c4NGE: einstellbar 18-20,5 cm<br \/>\nGEWICHT: 20,2 g<br \/>\nSTEINGR\u00d6SSE: 10 mm<br \/>\nSchlie\u00dfe: 9 mm<\/p>","protected":false},"excerpt":{"rendered":"<p>Elegantna zapestnica kolekcije Clasic, ki je narejena iz Akvamarina ter rodiniranih srebrnih 925 elementov. Zapestnica je nizana na mehko, vendar mo\u010dno jekleno \u017eico. Ve\u010d informacij: Akvamarin MATERIAL: Akvamarin, rodinirano Srebro 925 DOL\u017dINA: prilagodljiva 18-20,5 cm TE\u017dA: 20.2 g VELIKOST KAMNOV: 10 mm ZAPONKA: 9 mm<\/p>","protected":false},"featured_media":24099,"template":"","meta":[],"product_brand":[],"product_cat":[34,208,820,821,822,823,1137],"product_tag":[311,637],"class_list":{"0":"post-17168","1":"product","2":"type-product","3":"status-publish","4":"has-post-thumbnail","6":"product_cat-akvamarin","7":"product_cat-clasic","8":"product_cat-do-18cm","9":"product_cat-od-18-do-19cm","10":"product_cat-od-19-do-20cm","11":"product_cat-od-20cm","12":"product_cat-ogled-vseh-zapestnice-2","13":"product_tag-akvamarin","14":"product_tag-rodinirano-srebro-925","16":"first","17":"instock","18":"shipping-taxable","19":"purchasable","20":"product-type-simple"},"_links":{"self":[{"href":"https:\/\/moirai.si\/de\/wp-json\/wp\/v2\/product\/17168","targetHints":{"allow":["GET"]}}],"collection":[{"href":"https:\/\/moirai.si\/de\/wp-json\/wp\/v2\/product"}],"about":[{"href":"https:\/\/moirai.si\/de\/wp-json\/wp\/v2\/types\/product"}],"wp:featuredmedia":[{"embeddable":true,"href":"https:\/\/moirai.si\/de\/wp-json\/wp\/v2\/media\/24099"}],"wp:attachment":[{"href":"https:\/\/moirai.si\/de\/wp-json\/wp\/v2\/media?parent=17168"}],"wp:term":[{"taxonomy":"product_brand","embeddable":true,"href":"https:\/\/moirai.si\/de\/wp-json\/wp\/v2\/product_brand?post=17168"},{"taxonomy":"product_cat","embeddable":true,"href":"https:\/\/moirai.si\/de\/wp-json\/wp\/v2\/product_cat?post=17168"},{"taxonomy":"product_tag","embeddable":true,"href":"https:\/\/moirai.si\/de\/wp-json\/wp\/v2\/product_tag?post=17168"}],"curies":[{"name":"wp","href":"https:\/\/api.w.org\/{rel}","templated":true}]}}