{"id":17189,"date":"2020-09-06T14:24:23","date_gmt":"2020-09-06T14:24:23","guid":{"rendered":"https:\/\/moirai.si\/?post_type=product&#038;p=17189"},"modified":"2025-01-13T14:51:49","modified_gmt":"2025-01-13T14:51:49","slug":"klassischer-mix-36","status":"publish","type":"product","link":"https:\/\/moirai.si\/de\/izdelek\/clasic-mix-36\/","title":{"rendered":"Klassischer Mix"},"content":{"rendered":"<p>Elegantes Armband aus der Clasic-Kollektion, bestehend aus verschiedenen Steinen und 925er-Silberelementen, aufgereiht auf einem weichen, aber stabilen Stahldraht und veredelt mit Silberelementen.   <\/p>\n<p>MATERIAL: rote Pilzkoralle, Onyx, Obsidian, H\u00e4matit, Sterling Silber 925<br \/>\nL\u00c4NGE: einstellbar 18-21,5 cm<br \/>\nGEWICHT: 21,2 g<br \/>\nSteingr\u00f6\u00dfe: 4-12 mm<br \/>\nSchlie\u00dfe: 9 mm<\/p>","protected":false},"excerpt":{"rendered":"<p>Elegantna zapestnica kolekcije Clasic, ki je narejena iz razli\u010dnih kamnov ter srebrnih 925 elementov, nizana na mehko, vendar mo\u010dno jekleno \u017eico in zaklju\u010dena s srebrnimi elementi. MATERIAL: rde\u010da Gobasta Korala, Oniks, Obsidijan, Hematit, Srebro 925 DOL\u017dINA: prilagodljiva 18-21,5 cm TE\u017dA: 21.2 g VELIKOST KAMNOV: 4-12 mm ZAPONKA: 9 mm<\/p>","protected":false},"featured_media":24110,"template":"","meta":[],"product_brand":[],"product_cat":[208,820,52,42,63,821,822,823,1137,62],"product_tag":[202,231,206,398,371],"class_list":{"0":"post-17189","1":"product","2":"type-product","3":"status-publish","4":"has-post-thumbnail","6":"product_cat-clasic","7":"product_cat-do-18cm","8":"product_cat-gobasta-korala","9":"product_cat-hematit","10":"product_cat-obsidijan","11":"product_cat-od-18-do-19cm","12":"product_cat-od-19-do-20cm","13":"product_cat-od-20cm","14":"product_cat-ogled-vseh-zapestnice-2","15":"product_cat-oniks","16":"product_tag-hematit","17":"product_tag-obsidijan","18":"product_tag-oniks","19":"product_tag-rdeca-gobasta-korala","20":"product_tag-srebro-925","22":"first","23":"instock","24":"shipping-taxable","25":"purchasable","26":"product-type-simple"},"_links":{"self":[{"href":"https:\/\/moirai.si\/de\/wp-json\/wp\/v2\/product\/17189","targetHints":{"allow":["GET"]}}],"collection":[{"href":"https:\/\/moirai.si\/de\/wp-json\/wp\/v2\/product"}],"about":[{"href":"https:\/\/moirai.si\/de\/wp-json\/wp\/v2\/types\/product"}],"wp:featuredmedia":[{"embeddable":true,"href":"https:\/\/moirai.si\/de\/wp-json\/wp\/v2\/media\/24110"}],"wp:attachment":[{"href":"https:\/\/moirai.si\/de\/wp-json\/wp\/v2\/media?parent=17189"}],"wp:term":[{"taxonomy":"product_brand","embeddable":true,"href":"https:\/\/moirai.si\/de\/wp-json\/wp\/v2\/product_brand?post=17189"},{"taxonomy":"product_cat","embeddable":true,"href":"https:\/\/moirai.si\/de\/wp-json\/wp\/v2\/product_cat?post=17189"},{"taxonomy":"product_tag","embeddable":true,"href":"https:\/\/moirai.si\/de\/wp-json\/wp\/v2\/product_tag?post=17189"}],"curies":[{"name":"wp","href":"https:\/\/api.w.org\/{rel}","templated":true}]}}