{"id":17199,"date":"2020-09-06T14:33:10","date_gmt":"2020-09-06T14:33:10","guid":{"rendered":"https:\/\/moirai.si\/?post_type=product&#038;p=17199"},"modified":"2026-03-22T18:18:14","modified_gmt":"2026-03-22T18:18:14","slug":"klassische-monate-5","status":"publish","type":"product","link":"https:\/\/moirai.si\/de\/izdelek\/clasic-mesecev-5\/","title":{"rendered":"Klassiker Mondstein"},"content":{"rendered":"<p>Elegantna zapestnica kolekcije Clasic, ki je narejena iz Mese\u010devega kamna in Mavri\u010dnega Mese\u010devega kamna ter rodiniranih srebrnih 925 elementov, nizana na mehko, vendar mo\u010dno jekleno \u017eico. <\/p>\n<p>Weitere Informationen: <a href=\"https:\/\/moirai.si\/de\/monate-stein\/\" target=\"_blank\" rel=\"noopener noreferrer\">Mondstein<\/a><\/p>\n<p>MATERIAL: Mese\u010dev Kamen, Mavri\u010dni Mese\u010dev Kamen, rodinirano Srebro 925<br \/>\nL\u00c4NGE: einstellbar 17,5-20 cm<br \/>\nGEWICHT: 8,9 g<br \/>\nSTEINGR\u00d6SSE: 6 mm<br \/>\nSchlie\u00dfe: 9 mm<\/p>","protected":false},"excerpt":{"rendered":"<p>Elegantna zapestnica kolekcije Clasic, ki je narejena iz Mese\u010devega kamna in Mavri\u010dnega Mese\u010devega kamna ter rodiniranih srebrnih 925 elementov, nizana na mehko, vendar mo\u010dno jekleno \u017eico. Ve\u010d informacij: Mese\u010dev Kamen MATERIAL: Mese\u010dev Kamen, Mavri\u010dni Mese\u010dev Kamen, rodinirano Srebro 925 DOL\u017dINA: prilagodljiva 17,5-20 cm TE\u017dA: 8.9 g VELIKOST KAMNOV: 6 mm ZAPONKA: 9 mm<\/p>","protected":false},"featured_media":26703,"template":"","meta":[],"product_brand":[],"product_cat":[208,820,59,821,822,823,1137],"product_tag":[279,366,637],"class_list":{"0":"post-17199","1":"product","2":"type-product","3":"status-publish","4":"has-post-thumbnail","6":"product_cat-clasic","7":"product_cat-do-18cm","8":"product_cat-mesecev-kamen","9":"product_cat-od-18-do-19cm","10":"product_cat-od-19-do-20cm","11":"product_cat-od-20cm","12":"product_cat-ogled-vseh-zapestnice-2","13":"product_tag-mavricni-mesecev-kamen","14":"product_tag-mesecev-kamen","15":"product_tag-rodinirano-srebro-925","17":"first","18":"outofstock","19":"shipping-taxable","20":"purchasable","21":"product-type-simple"},"_links":{"self":[{"href":"https:\/\/moirai.si\/de\/wp-json\/wp\/v2\/product\/17199","targetHints":{"allow":["GET"]}}],"collection":[{"href":"https:\/\/moirai.si\/de\/wp-json\/wp\/v2\/product"}],"about":[{"href":"https:\/\/moirai.si\/de\/wp-json\/wp\/v2\/types\/product"}],"wp:featuredmedia":[{"embeddable":true,"href":"https:\/\/moirai.si\/de\/wp-json\/wp\/v2\/media\/26703"}],"wp:attachment":[{"href":"https:\/\/moirai.si\/de\/wp-json\/wp\/v2\/media?parent=17199"}],"wp:term":[{"taxonomy":"product_brand","embeddable":true,"href":"https:\/\/moirai.si\/de\/wp-json\/wp\/v2\/product_brand?post=17199"},{"taxonomy":"product_cat","embeddable":true,"href":"https:\/\/moirai.si\/de\/wp-json\/wp\/v2\/product_cat?post=17199"},{"taxonomy":"product_tag","embeddable":true,"href":"https:\/\/moirai.si\/de\/wp-json\/wp\/v2\/product_tag?post=17199"}],"curies":[{"name":"wp","href":"https:\/\/api.w.org\/{rel}","templated":true}]}}