{"id":17205,"date":"2020-09-06T14:40:41","date_gmt":"2020-09-06T14:40:41","guid":{"rendered":"https:\/\/moirai.si\/?post_type=product&#038;p=17205"},"modified":"2025-01-13T14:50:46","modified_gmt":"2025-01-13T14:50:46","slug":"klassisch-ahat-mahovni","status":"publish","type":"product","link":"https:\/\/moirai.si\/de\/izdelek\/clasic-ahat-mahovni\/","title":{"rendered":"Klasisches Moosiger Achat"},"content":{"rendered":"<p>Elegantes Armband aus der Clasic-Kollektion, hergestellt aus Moosachat und 925er-Silberelementen, aufgereiht auf einem weichen, aber starken Stahldraht und abgeschlossen mit Silberelementen. Die Abbildung ist symbolisch. Geringe Farbabweichungen sind m\u00f6glich.<\/p>\n<p>Weitere Informationen: <a href=\"https:\/\/moirai.si\/de\/achat\/\" target=\"_blank\" rel=\"noopener noreferrer\">Achat<\/a><\/p>\n<p>MATERIAL: Moosachat, rhodiniertes 925er Silber<br \/>\nL\u00c4NGE: einstellbar 18-20,5 cm<br \/>\nGEWICHT: 15 g<br \/>\nSTEINGR\u00d6SSE: 4-8 mm<br \/>\nSchlie\u00dfe: 9 mm<\/p>","protected":false},"excerpt":{"rendered":"<p>Elegantna zapestnica kolekcije Clasic, ki je narejena iz Mahovnega Ahata ter srebrnih 925 elementov, nizana na mehko, vendar mo\u010dno jekleno \u017eico in zaklju\u010dena s srebrnimi elementi. Slika je simboli\u010dna. Mo\u017ena so manj\u0161a odstopanja v barvi. Ve\u010d informacij: Ahat MATERIAL: Mahovni Ahat, rodinirano Srebro 925 DOL\u017dINA: prilagodljiva 18-20,5 cm TE\u017dA: 15 g VELIKOST KAMNOV: 4-8 mm [&hellip;]<\/p>\n","protected":false},"featured_media":25097,"template":"","meta":[],"product_brand":[],"product_cat":[30,208,820,821,822,823,1137],"product_tag":[775,637],"class_list":{"0":"post-17205","1":"product","2":"type-product","3":"status-publish","4":"has-post-thumbnail","6":"product_cat-ahat","7":"product_cat-clasic","8":"product_cat-do-18cm","9":"product_cat-od-18-do-19cm","10":"product_cat-od-19-do-20cm","11":"product_cat-od-20cm","12":"product_cat-ogled-vseh-zapestnice-2","13":"product_tag-mahovni-ahat","14":"product_tag-rodinirano-srebro-925","16":"first","17":"instock","18":"shipping-taxable","19":"purchasable","20":"product-type-simple"},"_links":{"self":[{"href":"https:\/\/moirai.si\/de\/wp-json\/wp\/v2\/product\/17205","targetHints":{"allow":["GET"]}}],"collection":[{"href":"https:\/\/moirai.si\/de\/wp-json\/wp\/v2\/product"}],"about":[{"href":"https:\/\/moirai.si\/de\/wp-json\/wp\/v2\/types\/product"}],"wp:featuredmedia":[{"embeddable":true,"href":"https:\/\/moirai.si\/de\/wp-json\/wp\/v2\/media\/25097"}],"wp:attachment":[{"href":"https:\/\/moirai.si\/de\/wp-json\/wp\/v2\/media?parent=17205"}],"wp:term":[{"taxonomy":"product_brand","embeddable":true,"href":"https:\/\/moirai.si\/de\/wp-json\/wp\/v2\/product_brand?post=17205"},{"taxonomy":"product_cat","embeddable":true,"href":"https:\/\/moirai.si\/de\/wp-json\/wp\/v2\/product_cat?post=17205"},{"taxonomy":"product_tag","embeddable":true,"href":"https:\/\/moirai.si\/de\/wp-json\/wp\/v2\/product_tag?post=17205"}],"curies":[{"name":"wp","href":"https:\/\/api.w.org\/{rel}","templated":true}]}}