{"id":17215,"date":"2020-09-06T15:18:52","date_gmt":"2020-09-06T15:18:52","guid":{"rendered":"https:\/\/moirai.si\/?post_type=product&#038;p=17215"},"modified":"2025-01-13T14:50:33","modified_gmt":"2025-01-13T14:50:33","slug":"argo-turkis-3","status":"publish","type":"product","link":"https:\/\/moirai.si\/de\/izdelek\/argo-turkiz-3\/","title":{"rendered":"Argo Turkis"},"content":{"rendered":"<p>Elegantes Armband aus der Argo-Kollektion, hergestellt aus T\u00fcrkis. Das Armband ist auf einem weichen, aber starken Stahldraht aufgereiht. <\/p>\n<p>MATERIAL: T\u00fcrkis, rhodiniertes 925er Silber<br \/>\nL\u00c4NGE: einstellbar 17-19,5 cm<br \/>\nGEWICHT: 6 g<br \/>\nSTEINGR\u00d6SSE: 5 mm<br \/>\nSchlie\u00dfe: 9 mm<\/p>","protected":false},"excerpt":{"rendered":"<p>Elegantna zapestnica kolekcije Argo, ki je narejena iz Turkiza. Zapestnica je nizana na mehko, vendar mo\u010dno jekleno \u017eico. MATERIAL: Turkiz, rodinirano Srebro 925 DOL\u017dINA: prilagodljiva 17-19.5 cm TE\u017dA: 6 g VELIKOST KAMNOV: 5 mm ZAPONKA: 9 mm<\/p>","protected":false},"featured_media":25000,"template":"","meta":[],"product_brand":[],"product_cat":[191,820,821,822,1137,82],"product_tag":[637,223],"class_list":{"0":"post-17215","1":"product","2":"type-product","3":"status-publish","4":"has-post-thumbnail","6":"product_cat-argo","7":"product_cat-do-18cm","8":"product_cat-od-18-do-19cm","9":"product_cat-od-19-do-20cm","10":"product_cat-ogled-vseh-zapestnice-2","11":"product_cat-turkiz","12":"product_tag-rodinirano-srebro-925","13":"product_tag-turkiz","15":"first","16":"instock","17":"shipping-taxable","18":"purchasable","19":"product-type-simple"},"_links":{"self":[{"href":"https:\/\/moirai.si\/de\/wp-json\/wp\/v2\/product\/17215","targetHints":{"allow":["GET"]}}],"collection":[{"href":"https:\/\/moirai.si\/de\/wp-json\/wp\/v2\/product"}],"about":[{"href":"https:\/\/moirai.si\/de\/wp-json\/wp\/v2\/types\/product"}],"wp:featuredmedia":[{"embeddable":true,"href":"https:\/\/moirai.si\/de\/wp-json\/wp\/v2\/media\/25000"}],"wp:attachment":[{"href":"https:\/\/moirai.si\/de\/wp-json\/wp\/v2\/media?parent=17215"}],"wp:term":[{"taxonomy":"product_brand","embeddable":true,"href":"https:\/\/moirai.si\/de\/wp-json\/wp\/v2\/product_brand?post=17215"},{"taxonomy":"product_cat","embeddable":true,"href":"https:\/\/moirai.si\/de\/wp-json\/wp\/v2\/product_cat?post=17215"},{"taxonomy":"product_tag","embeddable":true,"href":"https:\/\/moirai.si\/de\/wp-json\/wp\/v2\/product_tag?post=17215"}],"curies":[{"name":"wp","href":"https:\/\/api.w.org\/{rel}","templated":true}]}}