{"id":17219,"date":"2020-09-06T15:25:06","date_gmt":"2020-09-06T15:25:06","guid":{"rendered":"https:\/\/moirai.si\/?post_type=product&#038;p=17219"},"modified":"2026-03-26T13:16:03","modified_gmt":"2026-03-26T13:16:03","slug":"argo-lapis-lazuli","status":"publish","type":"product","link":"https:\/\/moirai.si\/de\/izdelek\/argo-lapis-lazuli\/","title":{"rendered":"Argo Lapislazuli"},"content":{"rendered":"<p>Elegantna zapestnica kolekcije Argo, ki je narejena iz Lapis Lazulija. Zapestnica je nizana na mehko, vendar mo\u010dno jekleno \u017eico. <\/p>\n<p>MATERIAL: Lapislazuli, rhodiniertes 925er Silber<br \/>\nL\u00c4NGE: einstellbar 16,5-19 cm<br \/>\nTE\u017dA: 7.7 g<br \/>\nVELIKOST KAMNOV: 4 mm<br \/>\nSchlie\u00dfe: 9 mm<\/p>","protected":false},"excerpt":{"rendered":"<p>Elegantna zapestnica kolekcije Argo, ki je narejena iz Lapis Lazulija. Zapestnica je nizana na mehko, vendar mo\u010dno jekleno \u017eico. MATERIAL: Lapis Lazuli, rodinirano Srebro 925 DOL\u017dINA: prilagodljiva 16.5-19 cm TE\u017dA: 7.7 g VELIKOST KAMNOV: 4 mm ZAPONKA: 9 mm<\/p>","protected":false},"featured_media":26311,"template":"","meta":[],"product_brand":[],"product_cat":[191,820,55,821,822,1137],"product_tag":[280,637],"class_list":{"0":"post-17219","1":"product","2":"type-product","3":"status-publish","4":"has-post-thumbnail","6":"product_cat-argo","7":"product_cat-do-18cm","8":"product_cat-lapis-lazuli","9":"product_cat-od-18-do-19cm","10":"product_cat-od-19-do-20cm","11":"product_cat-ogled-vseh-zapestnice-2","12":"product_tag-lapis-lazuli","13":"product_tag-rodinirano-srebro-925","15":"first","16":"instock","17":"shipping-taxable","18":"purchasable","19":"product-type-simple"},"_links":{"self":[{"href":"https:\/\/moirai.si\/de\/wp-json\/wp\/v2\/product\/17219","targetHints":{"allow":["GET"]}}],"collection":[{"href":"https:\/\/moirai.si\/de\/wp-json\/wp\/v2\/product"}],"about":[{"href":"https:\/\/moirai.si\/de\/wp-json\/wp\/v2\/types\/product"}],"wp:featuredmedia":[{"embeddable":true,"href":"https:\/\/moirai.si\/de\/wp-json\/wp\/v2\/media\/26311"}],"wp:attachment":[{"href":"https:\/\/moirai.si\/de\/wp-json\/wp\/v2\/media?parent=17219"}],"wp:term":[{"taxonomy":"product_brand","embeddable":true,"href":"https:\/\/moirai.si\/de\/wp-json\/wp\/v2\/product_brand?post=17219"},{"taxonomy":"product_cat","embeddable":true,"href":"https:\/\/moirai.si\/de\/wp-json\/wp\/v2\/product_cat?post=17219"},{"taxonomy":"product_tag","embeddable":true,"href":"https:\/\/moirai.si\/de\/wp-json\/wp\/v2\/product_tag?post=17219"}],"curies":[{"name":"wp","href":"https:\/\/api.w.org\/{rel}","templated":true}]}}