{"id":17239,"date":"2020-09-15T09:23:25","date_gmt":"2020-09-15T09:23:25","guid":{"rendered":"https:\/\/moirai.si\/?post_type=product&#038;p=17239"},"modified":"2025-01-08T16:39:36","modified_gmt":"2025-01-08T16:39:36","slug":"herkimer-kvarc-diamant-s","status":"publish","type":"product","link":"https:\/\/moirai.si\/de\/izdelek\/herkimer-kvarc-diamant-s\/","title":{"rendered":"Herkimer Quarz Diamant S"},"content":{"rendered":"<p>\u010cudovit kos Herkimer Kvarca &#8211; Herkimer Diamanta (Pakistan). Slika je simboli\u010dna. Mo\u017ena so manj\u0161a odstopanja v barvi, te\u017ei in obliki.<\/p>\n<p>Weitere Informationen: <a href=\"https:\/\/moirai.si\/de\/bergkristall\/\" target=\"_blank\" rel=\"noopener noreferrer\">Bergkristall<\/a><\/p>\n<p>MATERIAL: Herkimer Kvarc (Herkimer Diamant, Herkimer Kamena Strela, Herkimer Gorski Kristal)<br \/>\nDIMENZIJE: 8-11 mm<br \/>\nTE\u017dA: cca 0.3 g<\/p>","protected":false},"excerpt":{"rendered":"<p>\u010cudovit kos Herkimer Kvarca &#8211; Herkimer Diamanta (Pakistan). Slika je simboli\u010dna. Mo\u017ena so manj\u0161a odstopanja v barvi, te\u017ei in obliki. Ve\u010d informacij: Kamena Strela MATERIAL: Herkimer Kvarc (Herkimer Diamant, Herkimer Kamena Strela, Herkimer Gorski Kristal) DIMENZIJE: 8-11 mm TE\u017dA: cca 0.3 g<\/p>","protected":false},"featured_media":25736,"template":"","meta":[],"product_brand":[],"product_cat":[68,185],"product_tag":[929,928,927],"class_list":{"0":"post-17239","1":"product","2":"type-product","3":"status-publish","4":"has-post-thumbnail","6":"product_cat-kamena-strela","7":"product_cat-kristali-in-minerali","8":"product_tag-herkimer-gorski-kristal","9":"product_tag-herkimer-kamena-strela","10":"product_tag-herkimer-kvarc-herkimer-diamant","12":"first","13":"instock","14":"shipping-taxable","15":"purchasable","16":"product-type-simple"},"_links":{"self":[{"href":"https:\/\/moirai.si\/de\/wp-json\/wp\/v2\/product\/17239","targetHints":{"allow":["GET"]}}],"collection":[{"href":"https:\/\/moirai.si\/de\/wp-json\/wp\/v2\/product"}],"about":[{"href":"https:\/\/moirai.si\/de\/wp-json\/wp\/v2\/types\/product"}],"wp:featuredmedia":[{"embeddable":true,"href":"https:\/\/moirai.si\/de\/wp-json\/wp\/v2\/media\/25736"}],"wp:attachment":[{"href":"https:\/\/moirai.si\/de\/wp-json\/wp\/v2\/media?parent=17239"}],"wp:term":[{"taxonomy":"product_brand","embeddable":true,"href":"https:\/\/moirai.si\/de\/wp-json\/wp\/v2\/product_brand?post=17239"},{"taxonomy":"product_cat","embeddable":true,"href":"https:\/\/moirai.si\/de\/wp-json\/wp\/v2\/product_cat?post=17239"},{"taxonomy":"product_tag","embeddable":true,"href":"https:\/\/moirai.si\/de\/wp-json\/wp\/v2\/product_tag?post=17239"}],"curies":[{"name":"wp","href":"https:\/\/api.w.org\/{rel}","templated":true}]}}