{"id":17273,"date":"2020-09-16T09:56:30","date_gmt":"2020-09-16T09:56:30","guid":{"rendered":"https:\/\/moirai.si\/?post_type=product&#038;p=17273"},"modified":"2022-11-27T11:45:52","modified_gmt":"2022-11-27T11:45:52","slug":"verse-rot-11","status":"publish","type":"product","link":"https:\/\/moirai.si\/de\/izdelek\/versy-prehnit-11\/","title":{"rendered":"Versy Prehnit"},"content":{"rendered":"<p>Einzigartiger Anh\u00e4nger aus der Versy-Kollektion in Prehnit an einem schwarzen Lederband mit verstellbarer L\u00e4nge (den Knoten nach oben oder unten ziehen). Die Kette ist unisex und f\u00fcr Kinder und Erwachsene geeignet. <\/p>\n<p>Weitere Informationen: <a href=\"https:\/\/moirai.si\/de\/rot\/\" target=\"_blank\" rel=\"noopener noreferrer\">Prehnit<\/a><\/p>\n<p>MATERIAL: Prehnit, schwarzes Leder<br \/>\nL\u00c4NGE: flexibel (38-77 cm)<br \/>\nGEWICHT: 11,4 g<br \/>\nGr\u00f6\u00dfe des Steins: 2,2-2,5 cm<br \/>\nSTEINDICKE: 0,9 cm<\/p>","protected":false},"excerpt":{"rendered":"<p>Unikaten obesek kolekcije Versy iz Prehnita na \u010drnem usnjenem traku s prilagodljivo dol\u017eino (poteg vozla gor oz. dol). Ogrlica je unisex in je primerna za otroke in odrasle. Ve\u010d informacij: Prehnit MATERIAL: Prehnit, \u010drno usnje DOL\u017dINA: prilagodljiva (38-77 cm) TE\u017dA: 11.4 g VELIKOST KAMNA: 2.2-2.5 cm DEBELINA KAMNA: 0.9 cm<\/p>","protected":false},"featured_media":17274,"template":"","meta":[],"product_brand":[],"product_cat":[92,701,309],"product_tag":[648,699],"class_list":{"0":"post-17273","1":"product","2":"type-product","3":"status-publish","4":"has-post-thumbnail","6":"product_cat-obeski-in-usnje","7":"product_cat-prehnit","8":"product_cat-versy","9":"product_tag-crno-usnje","10":"product_tag-prehnit","12":"first","13":"instock","14":"shipping-taxable","15":"purchasable","16":"product-type-simple"},"_links":{"self":[{"href":"https:\/\/moirai.si\/de\/wp-json\/wp\/v2\/product\/17273","targetHints":{"allow":["GET"]}}],"collection":[{"href":"https:\/\/moirai.si\/de\/wp-json\/wp\/v2\/product"}],"about":[{"href":"https:\/\/moirai.si\/de\/wp-json\/wp\/v2\/types\/product"}],"wp:featuredmedia":[{"embeddable":true,"href":"https:\/\/moirai.si\/de\/wp-json\/wp\/v2\/media\/17274"}],"wp:attachment":[{"href":"https:\/\/moirai.si\/de\/wp-json\/wp\/v2\/media?parent=17273"}],"wp:term":[{"taxonomy":"product_brand","embeddable":true,"href":"https:\/\/moirai.si\/de\/wp-json\/wp\/v2\/product_brand?post=17273"},{"taxonomy":"product_cat","embeddable":true,"href":"https:\/\/moirai.si\/de\/wp-json\/wp\/v2\/product_cat?post=17273"},{"taxonomy":"product_tag","embeddable":true,"href":"https:\/\/moirai.si\/de\/wp-json\/wp\/v2\/product_tag?post=17273"}],"curies":[{"name":"wp","href":"https:\/\/api.w.org\/{rel}","templated":true}]}}