{"id":17327,"date":"2020-09-28T12:25:31","date_gmt":"2020-09-28T12:25:31","guid":{"rendered":"https:\/\/moirai.si\/?post_type=product&#038;p=17327"},"modified":"2025-01-12T20:11:24","modified_gmt":"2025-01-12T20:11:24","slug":"klassische-koralle-8","status":"publish","type":"product","link":"https:\/\/moirai.si\/de\/izdelek\/clasic-korala-8\/","title":{"rendered":"Klassischer Korala"},"content":{"rendered":"<p>Elegante Ohrringe aus der Clasic-Kollektion, hergestellt aus roter Bambuskoralle und 925er Sterlingsilber.<\/p>\n<p>MATERIAL: rote Bambuskoralle, Sterling Silber 925<br \/>\nL\u00c4NGE: 3,8 cm<br \/>\nGEWICHT: 10,3 g<br \/>\nSTEINGR\u00d6SSE: 2-16mm<\/p>","protected":false},"excerpt":{"rendered":"<p>Elegantni uhani kolekcije Clasic, ki so narejeni iz rde\u010de Bambus Korale in srebra 925. MATERIAL: rde\u010da Bambus Korala, srebro 925 DOL\u017dINA: 3.8 cm TE\u017dA: 10,3 g VELIKOST KAMNOV: 2-16mm<\/p>","protected":false},"featured_media":17328,"template":"","meta":[],"product_brand":[],"product_cat":[53,208,1138,27,1141],"product_tag":[401,371],"class_list":{"0":"post-17327","1":"product","2":"type-product","3":"status-publish","4":"has-post-thumbnail","6":"product_cat-bambus-korala","7":"product_cat-clasic","8":"product_cat-ogled-vseh-uhani","9":"product_cat-uhani","10":"product_cat-uhani-clasic","11":"product_tag-rdeca-bambus-korala","12":"product_tag-srebro-925","14":"first","15":"instock","16":"shipping-taxable","17":"purchasable","18":"product-type-simple"},"_links":{"self":[{"href":"https:\/\/moirai.si\/de\/wp-json\/wp\/v2\/product\/17327","targetHints":{"allow":["GET"]}}],"collection":[{"href":"https:\/\/moirai.si\/de\/wp-json\/wp\/v2\/product"}],"about":[{"href":"https:\/\/moirai.si\/de\/wp-json\/wp\/v2\/types\/product"}],"wp:featuredmedia":[{"embeddable":true,"href":"https:\/\/moirai.si\/de\/wp-json\/wp\/v2\/media\/17328"}],"wp:attachment":[{"href":"https:\/\/moirai.si\/de\/wp-json\/wp\/v2\/media?parent=17327"}],"wp:term":[{"taxonomy":"product_brand","embeddable":true,"href":"https:\/\/moirai.si\/de\/wp-json\/wp\/v2\/product_brand?post=17327"},{"taxonomy":"product_cat","embeddable":true,"href":"https:\/\/moirai.si\/de\/wp-json\/wp\/v2\/product_cat?post=17327"},{"taxonomy":"product_tag","embeddable":true,"href":"https:\/\/moirai.si\/de\/wp-json\/wp\/v2\/product_tag?post=17327"}],"curies":[{"name":"wp","href":"https:\/\/api.w.org\/{rel}","templated":true}]}}