{"id":17340,"date":"2020-09-28T13:29:26","date_gmt":"2020-09-28T13:29:26","guid":{"rendered":"https:\/\/moirai.si\/?post_type=product&#038;p=17340"},"modified":"2025-01-12T20:22:59","modified_gmt":"2025-01-12T20:22:59","slug":"clasic-turkiz-8","status":"publish","type":"product","link":"https:\/\/moirai.si\/de\/izdelek\/clasic-turkiz-8\/","title":{"rendered":"Klassischer Turkis"},"content":{"rendered":"<p>Elegantni uhani kolekcije Clasic, ki so narejeni iz Turkiza in rodiniranega srebra 925.<\/p>\n<p>Weitere Informationen: <a href=\"https:\/\/moirai.si\/de\/turkiz\/\" target=\"_blank\" rel=\"noopener noreferrer\">T\u00fcrkis<\/a><\/p>\n<p>MATERIAL: Turkiz, rodinirano srebro 925<br \/>\nGEWICHT: 3,8 g<br \/>\nSTEINGR\u00d6SSE: 10 mm<br \/>\nL\u00c4NGE DES OHRES: 3,5 cm<\/p>","protected":false},"excerpt":{"rendered":"<p>Elegantni uhani kolekcije Clasic, ki so narejeni iz Turkiza in rodiniranega srebra 925. Ve\u010d informacij: Turkiz MATERIAL: Turkiz, rodinirano srebro 925 TE\u017dA: 3.8 g VELIKOST KAMNOV: 10 mm DOL\u017dINA UHANA: 3.5 cm<\/p>","protected":false},"featured_media":24068,"template":"","meta":[],"product_brand":[],"product_cat":[208,1138,82,27,1141],"product_tag":[637,223],"class_list":{"0":"post-17340","1":"product","2":"type-product","3":"status-publish","4":"has-post-thumbnail","6":"product_cat-clasic","7":"product_cat-ogled-vseh-uhani","8":"product_cat-turkiz","9":"product_cat-uhani","10":"product_cat-uhani-clasic","11":"product_tag-rodinirano-srebro-925","12":"product_tag-turkiz","14":"first","15":"instock","16":"shipping-taxable","17":"purchasable","18":"product-type-simple"},"_links":{"self":[{"href":"https:\/\/moirai.si\/de\/wp-json\/wp\/v2\/product\/17340","targetHints":{"allow":["GET"]}}],"collection":[{"href":"https:\/\/moirai.si\/de\/wp-json\/wp\/v2\/product"}],"about":[{"href":"https:\/\/moirai.si\/de\/wp-json\/wp\/v2\/types\/product"}],"wp:featuredmedia":[{"embeddable":true,"href":"https:\/\/moirai.si\/de\/wp-json\/wp\/v2\/media\/24068"}],"wp:attachment":[{"href":"https:\/\/moirai.si\/de\/wp-json\/wp\/v2\/media?parent=17340"}],"wp:term":[{"taxonomy":"product_brand","embeddable":true,"href":"https:\/\/moirai.si\/de\/wp-json\/wp\/v2\/product_brand?post=17340"},{"taxonomy":"product_cat","embeddable":true,"href":"https:\/\/moirai.si\/de\/wp-json\/wp\/v2\/product_cat?post=17340"},{"taxonomy":"product_tag","embeddable":true,"href":"https:\/\/moirai.si\/de\/wp-json\/wp\/v2\/product_tag?post=17340"}],"curies":[{"name":"wp","href":"https:\/\/api.w.org\/{rel}","templated":true}]}}