{"id":17371,"date":"2020-09-29T09:26:56","date_gmt":"2020-09-29T09:26:56","guid":{"rendered":"https:\/\/moirai.si\/?post_type=product&#038;p=17371"},"modified":"2025-01-14T14:14:37","modified_gmt":"2025-01-14T14:14:37","slug":"argo-rutil","status":"publish","type":"product","link":"https:\/\/moirai.si\/de\/izdelek\/argo-rutil\/","title":{"rendered":"Argo Rutil"},"content":{"rendered":"<p>Prikupni uhani kolekcije Argo, ki so narejeni iz Rutila in srebra 925.<\/p>\n<p>Weitere Informationen: <a href=\"https:\/\/moirai.si\/de\/rutil\/\" target=\"_blank\" rel=\"noopener noreferrer\">Rutil<\/a><\/p>\n<p>MATERIAL: Rutil, srebro 925<br \/>\nSTEINGR\u00d6SSE: 8 mm<br \/>\nTE\u017dA: 3.7 g<br \/>\nL\u00c4NGE: 6 cm<\/p>","protected":false},"excerpt":{"rendered":"<p>Prikupni uhani kolekcije Argo, ki so narejeni iz Rutila in srebra 925. Ve\u010d informacij: Rutil MATERIAL: Rutil, srebro 925 VELIKOST KAMNOV: 8 mm TE\u017dA: 3.7 g DOL\u017dINA: 6 cm<\/p>","protected":false},"featured_media":25933,"template":"","meta":[],"product_brand":[],"product_cat":[191,1138,72,27,1140],"product_tag":[314,371],"class_list":{"0":"post-17371","1":"product","2":"type-product","3":"status-publish","4":"has-post-thumbnail","6":"product_cat-argo","7":"product_cat-ogled-vseh-uhani","8":"product_cat-rutil","9":"product_cat-uhani","10":"product_cat-uhani-argo","11":"product_tag-rutil","12":"product_tag-srebro-925","14":"first","15":"instock","16":"shipping-taxable","17":"purchasable","18":"product-type-simple"},"_links":{"self":[{"href":"https:\/\/moirai.si\/de\/wp-json\/wp\/v2\/product\/17371","targetHints":{"allow":["GET"]}}],"collection":[{"href":"https:\/\/moirai.si\/de\/wp-json\/wp\/v2\/product"}],"about":[{"href":"https:\/\/moirai.si\/de\/wp-json\/wp\/v2\/types\/product"}],"wp:featuredmedia":[{"embeddable":true,"href":"https:\/\/moirai.si\/de\/wp-json\/wp\/v2\/media\/25933"}],"wp:attachment":[{"href":"https:\/\/moirai.si\/de\/wp-json\/wp\/v2\/media?parent=17371"}],"wp:term":[{"taxonomy":"product_brand","embeddable":true,"href":"https:\/\/moirai.si\/de\/wp-json\/wp\/v2\/product_brand?post=17371"},{"taxonomy":"product_cat","embeddable":true,"href":"https:\/\/moirai.si\/de\/wp-json\/wp\/v2\/product_cat?post=17371"},{"taxonomy":"product_tag","embeddable":true,"href":"https:\/\/moirai.si\/de\/wp-json\/wp\/v2\/product_tag?post=17371"}],"curies":[{"name":"wp","href":"https:\/\/api.w.org\/{rel}","templated":true}]}}