{"id":17438,"date":"2020-10-08T09:27:16","date_gmt":"2020-10-08T09:27:16","guid":{"rendered":"https:\/\/moirai.si\/?post_type=product&#038;p=17438"},"modified":"2025-01-08T16:46:56","modified_gmt":"2025-01-08T16:46:56","slug":"steinblitz-5","status":"publish","type":"product","link":"https:\/\/moirai.si\/de\/izdelek\/kamena-strela-5\/","title":{"rendered":"Bergkristall"},"content":{"rendered":"<p>Ein wundersch\u00f6nes St\u00fcck polierter Lightning Stone, geeignet als heilender Handstein oder als Geschenk. <\/p>\n<p>Weitere Informationen: <a href=\"https:\/\/moirai.si\/de\/bergkristall\/\" target=\"_blank\" rel=\"noopener noreferrer\">Bergkristall<\/a><\/p>\n<p>MATERIAL: Kamena Strela<br \/>\nABMESSUNGEN: 1,9-3,2 cm<br \/>\nGEWICHT: 16,2 g<\/p>","protected":false},"excerpt":{"rendered":"<p>\u010cudovit kos spolirane \u0161pice iz Kamene Strele, primeren kot zdravilni ro\u010dni kamen ali kot darilo. Ve\u010d informacij: Kamena Strela MATERIAL: Kamena Strela DIMENZIJE: 1.9-3.2 cm TE\u017dA: 16.2 g<\/p>","protected":false},"featured_media":25740,"template":"","meta":[],"product_brand":[],"product_cat":[68,185],"product_tag":[203],"class_list":{"0":"post-17438","1":"product","2":"type-product","3":"status-publish","4":"has-post-thumbnail","6":"product_cat-kamena-strela","7":"product_cat-kristali-in-minerali","8":"product_tag-kamena-strela","10":"first","11":"instock","12":"shipping-taxable","13":"purchasable","14":"product-type-simple"},"_links":{"self":[{"href":"https:\/\/moirai.si\/de\/wp-json\/wp\/v2\/product\/17438","targetHints":{"allow":["GET"]}}],"collection":[{"href":"https:\/\/moirai.si\/de\/wp-json\/wp\/v2\/product"}],"about":[{"href":"https:\/\/moirai.si\/de\/wp-json\/wp\/v2\/types\/product"}],"wp:featuredmedia":[{"embeddable":true,"href":"https:\/\/moirai.si\/de\/wp-json\/wp\/v2\/media\/25740"}],"wp:attachment":[{"href":"https:\/\/moirai.si\/de\/wp-json\/wp\/v2\/media?parent=17438"}],"wp:term":[{"taxonomy":"product_brand","embeddable":true,"href":"https:\/\/moirai.si\/de\/wp-json\/wp\/v2\/product_brand?post=17438"},{"taxonomy":"product_cat","embeddable":true,"href":"https:\/\/moirai.si\/de\/wp-json\/wp\/v2\/product_cat?post=17438"},{"taxonomy":"product_tag","embeddable":true,"href":"https:\/\/moirai.si\/de\/wp-json\/wp\/v2\/product_tag?post=17438"}],"curies":[{"name":"wp","href":"https:\/\/api.w.org\/{rel}","templated":true}]}}