{"id":17479,"date":"2020-10-08T13:09:47","date_gmt":"2020-10-08T13:09:47","guid":{"rendered":"https:\/\/moirai.si\/?post_type=product&#038;p=17479"},"modified":"2025-04-24T19:20:38","modified_gmt":"2025-04-24T19:20:38","slug":"jaspis-rdeci-xl","status":"publish","type":"product","link":"https:\/\/moirai.si\/de\/izdelek\/jaspis-rdeci-xl\/","title":{"rendered":"Jaspisrot XL"},"content":{"rendered":"<p>\u010cudovit kos spoliranega rde\u010dega Jaspisa, primeren kot zdravilni ro\u010dni kamen ali kot darilo za va\u0161e najbli\u017enje. <\/p>\n<p>Weitere Informationen: <a href=\"https:\/\/moirai.si\/de\/jaspis\/\" target=\"_blank\" rel=\"noopener noreferrer\">Jaspis <\/a><\/p>\n<p>MATERIAL: roter Jaspis<br \/>\nDIMENZIJE: cca 2,5-5 cm<br \/>\nTE\u017dA: 40-80 g<\/p>","protected":false},"excerpt":{"rendered":"<p>\u010cudovit kos spoliranega rde\u010dega Jaspisa, primeren kot zdravilni ro\u010dni kamen ali kot darilo za va\u0161e najbli\u017enje. Ve\u010d informacij: Jaspis MATERIAL: rde\u010di Jaspis DIMENZIJE: cca 2,5-5 cm TE\u017dA: 40-80 g<\/p>","protected":false},"featured_media":22376,"template":"","meta":[],"product_brand":[],"product_cat":[47,753],"product_tag":[779],"class_list":{"0":"post-17479","1":"product","2":"type-product","3":"status-publish","4":"has-post-thumbnail","6":"product_cat-jaspis","7":"product_cat-rocni-kamni","8":"product_tag-rdeci-jaspis","10":"first","11":"outofstock","12":"shipping-taxable","13":"purchasable","14":"product-type-simple"},"_links":{"self":[{"href":"https:\/\/moirai.si\/de\/wp-json\/wp\/v2\/product\/17479","targetHints":{"allow":["GET"]}}],"collection":[{"href":"https:\/\/moirai.si\/de\/wp-json\/wp\/v2\/product"}],"about":[{"href":"https:\/\/moirai.si\/de\/wp-json\/wp\/v2\/types\/product"}],"wp:featuredmedia":[{"embeddable":true,"href":"https:\/\/moirai.si\/de\/wp-json\/wp\/v2\/media\/22376"}],"wp:attachment":[{"href":"https:\/\/moirai.si\/de\/wp-json\/wp\/v2\/media?parent=17479"}],"wp:term":[{"taxonomy":"product_brand","embeddable":true,"href":"https:\/\/moirai.si\/de\/wp-json\/wp\/v2\/product_brand?post=17479"},{"taxonomy":"product_cat","embeddable":true,"href":"https:\/\/moirai.si\/de\/wp-json\/wp\/v2\/product_cat?post=17479"},{"taxonomy":"product_tag","embeddable":true,"href":"https:\/\/moirai.si\/de\/wp-json\/wp\/v2\/product_tag?post=17479"}],"curies":[{"name":"wp","href":"https:\/\/api.w.org\/{rel}","templated":true}]}}