{"id":17605,"date":"2020-10-29T09:28:46","date_gmt":"2020-10-29T09:28:46","guid":{"rendered":"https:\/\/moirai.si\/?post_type=product&#038;p=17605"},"modified":"2025-08-19T20:29:46","modified_gmt":"2025-08-19T20:29:46","slug":"versy-jasper-rot-15","status":"publish","type":"product","link":"https:\/\/moirai.si\/de\/izdelek\/versy-jaspis-rdeci-15\/","title":{"rendered":"Versy Jaspis Rot"},"content":{"rendered":"<p>Einzigartiger roter Jaspis-Anh\u00e4nger aus der Versy-Kollektion an einem schwarzen Lederband mit 925er Silberschlie\u00dfe. Wenn Sie ein l\u00e4ngeres oder k\u00fcrzeres Lederarmband w\u00fcnschen, geben Sie dies bitte in der Bestellnotiz an. <\/p>\n<p>Weitere Informationen: <a href=\"https:\/\/moirai.si\/de\/jaspis\/\" target=\"_blank\" rel=\"noopener noreferrer\">Jaspis <\/a><\/p>\n<p>MATERIAL: roter Jaspis, schwarzes Leder, Sterling Silber 925<br \/>\nTRAIL-L\u00c4NGE: 50 cm<br \/>\nGEWICHT: 17,7 g<br \/>\nSTEINGR\u00d6SSE: 3-3 cm<br \/>\nSTEINST\u00c4RKE: 1,2 cm<\/p>","protected":false},"excerpt":{"rendered":"<p>Unikaten obesek kolekcije Versy iz rde\u010dega Jaspisa na \u010drnem usnjenem traku s srebrno 925 zaponko. \u010ce \u017eelite imeti dalj\u0161i oz. kraj\u0161i usnjeni trak nam to napi\u0161ite v opombo pri naro\u010dilu. Ve\u010d informacij: Jaspis MATERIAL: rde\u010di Jaspis, \u010drno usnje, srebro 925 DOL\u017dINA TRAKU: 50 cm TE\u017dA: 17.7 g VELIKOST KAMNA: 3-3 cm DEBELINA KAMNA: 1.2 cm<\/p>","protected":false},"featured_media":25539,"template":"","meta":[],"product_brand":[],"product_cat":[47,910,309],"product_tag":[648,779,371],"class_list":{"0":"post-17605","1":"product","2":"type-product","3":"status-publish","4":"has-post-thumbnail","6":"product_cat-jaspis","7":"product_cat-obeski-in-srebro","8":"product_cat-versy","9":"product_tag-crno-usnje","10":"product_tag-rdeci-jaspis","11":"product_tag-srebro-925","13":"first","14":"instock","15":"shipping-taxable","16":"purchasable","17":"product-type-simple"},"_links":{"self":[{"href":"https:\/\/moirai.si\/de\/wp-json\/wp\/v2\/product\/17605","targetHints":{"allow":["GET"]}}],"collection":[{"href":"https:\/\/moirai.si\/de\/wp-json\/wp\/v2\/product"}],"about":[{"href":"https:\/\/moirai.si\/de\/wp-json\/wp\/v2\/types\/product"}],"wp:featuredmedia":[{"embeddable":true,"href":"https:\/\/moirai.si\/de\/wp-json\/wp\/v2\/media\/25539"}],"wp:attachment":[{"href":"https:\/\/moirai.si\/de\/wp-json\/wp\/v2\/media?parent=17605"}],"wp:term":[{"taxonomy":"product_brand","embeddable":true,"href":"https:\/\/moirai.si\/de\/wp-json\/wp\/v2\/product_brand?post=17605"},{"taxonomy":"product_cat","embeddable":true,"href":"https:\/\/moirai.si\/de\/wp-json\/wp\/v2\/product_cat?post=17605"},{"taxonomy":"product_tag","embeddable":true,"href":"https:\/\/moirai.si\/de\/wp-json\/wp\/v2\/product_tag?post=17605"}],"curies":[{"name":"wp","href":"https:\/\/api.w.org\/{rel}","templated":true}]}}