{"id":17610,"date":"2020-10-29T09:34:53","date_gmt":"2020-10-29T09:34:53","guid":{"rendered":"https:\/\/moirai.si\/?post_type=product&#038;p=17610"},"modified":"2025-08-19T20:21:27","modified_gmt":"2025-08-19T20:21:27","slug":"versy-jasper-landschaft-13","status":"publish","type":"product","link":"https:\/\/moirai.si\/de\/izdelek\/versy-jaspis-pokrajinski-13\/","title":{"rendered":"Versy Provinzial Jaspis"},"content":{"rendered":"<p>Einzigartiger Anh\u00e4nger aus der Versy-Kollektion aus provinziellem Jaspis an einem schwarzen Lederband mit 925er Silberschlie\u00dfe. Wenn Sie ein l\u00e4ngeres oder k\u00fcrzeres Lederband w\u00fcnschen, geben Sie dies bitte bei der Bestellung an. <\/p>\n<p>Weitere Informationen: <a href=\"https:\/\/moirai.si\/de\/jaspis\/\" target=\"_blank\" rel=\"noopener noreferrer\">Jaspis<\/a><\/p>\n<p>MATERIAL: Landschaftsjaspis, schwarzes Leder, Sterling Silber 925<br \/>\nTRAIL-L\u00c4NGE: 50 cm<br \/>\nGEWICHT: 24,2 g<br \/>\nGr\u00f6\u00dfe des Steins: 3,4-4,3 cm<br \/>\nSTEINST\u00c4RKE: 1,3 cm<\/p>","protected":false},"excerpt":{"rendered":"<p>Unikaten obesek kolekcije Versy iz Pokrajinskega Jaspisa na \u010drnem usnjenem traku s srebrno 925 zaponko. \u010ce \u017eelite imeti dalj\u0161i oz. kraj\u0161i usnjeni trak nam to napi\u0161ite v opombo pri naro\u010dilu. Ve\u010d informacij: Jaspis MATERIAL: Pokrajinski Jaspis, \u010drno usnje, srebro 925 DOL\u017dINA TRAKU: 50 cm TE\u017dA: 24.2 g VELIKOST KAMNA: 3.4-4.3 cm DEBELINA KAMNA: 1.3 cm<\/p>","protected":false},"featured_media":25537,"template":"","meta":[],"product_brand":[],"product_cat":[47,910,309],"product_tag":[648,516,371],"class_list":{"0":"post-17610","1":"product","2":"type-product","3":"status-publish","4":"has-post-thumbnail","6":"product_cat-jaspis","7":"product_cat-obeski-in-srebro","8":"product_cat-versy","9":"product_tag-crno-usnje","10":"product_tag-pokrajinski-jaspis","11":"product_tag-srebro-925","13":"first","14":"instock","15":"shipping-taxable","16":"purchasable","17":"product-type-simple"},"_links":{"self":[{"href":"https:\/\/moirai.si\/de\/wp-json\/wp\/v2\/product\/17610","targetHints":{"allow":["GET"]}}],"collection":[{"href":"https:\/\/moirai.si\/de\/wp-json\/wp\/v2\/product"}],"about":[{"href":"https:\/\/moirai.si\/de\/wp-json\/wp\/v2\/types\/product"}],"wp:featuredmedia":[{"embeddable":true,"href":"https:\/\/moirai.si\/de\/wp-json\/wp\/v2\/media\/25537"}],"wp:attachment":[{"href":"https:\/\/moirai.si\/de\/wp-json\/wp\/v2\/media?parent=17610"}],"wp:term":[{"taxonomy":"product_brand","embeddable":true,"href":"https:\/\/moirai.si\/de\/wp-json\/wp\/v2\/product_brand?post=17610"},{"taxonomy":"product_cat","embeddable":true,"href":"https:\/\/moirai.si\/de\/wp-json\/wp\/v2\/product_cat?post=17610"},{"taxonomy":"product_tag","embeddable":true,"href":"https:\/\/moirai.si\/de\/wp-json\/wp\/v2\/product_tag?post=17610"}],"curies":[{"name":"wp","href":"https:\/\/api.w.org\/{rel}","templated":true}]}}