{"id":17618,"date":"2020-10-29T10:31:32","date_gmt":"2020-10-29T10:31:32","guid":{"rendered":"https:\/\/moirai.si\/?post_type=product&#038;p=17618"},"modified":"2025-11-06T12:45:04","modified_gmt":"2025-11-06T12:45:04","slug":"versy-karneol-6","status":"publish","type":"product","link":"https:\/\/moirai.si\/de\/izdelek\/versy-karneol-6\/","title":{"rendered":"Versy Karneol"},"content":{"rendered":"<p>Einzigartiger Anh\u00e4nger aus der Versy-Kollektion in Karneol an einem schwarzen Lederband mit 925er Silberverschluss. Wenn Sie ein l\u00e4ngeres oder k\u00fcrzeres Lederband w\u00fcnschen, geben Sie dies bitte bei der Bestellung an. <\/p>\n<p>Weitere Informationen: <a href=\"https:\/\/moirai.si\/de\/karneol\/\" target=\"_blank\" rel=\"noopener noreferrer\">Carneol<\/a><\/p>\n<p>MATERIAL: Karneol, schwarzes Leder, Silber 925<br \/>\nTRAIL-L\u00c4NGE: 50 cm<br \/>\nGEWICHT: 11,8 g<br \/>\nSTEINGR\u00d6SSE: 2,2-2,4 cm<br \/>\nSTEINDICKE: 1 cm<\/p>","protected":false},"excerpt":{"rendered":"<p>Unikaten obesek kolekcije Versy iz Karneola na \u010drnem usnjenem traku s srebrno 925 zaponko. \u010ce \u017eelite imeti dalj\u0161i oz. kraj\u0161i usnjeni trak nam to napi\u0161ite v opombo pri naro\u010dilu. Ve\u010d informacij: Karneol MATERIAL: Karneol, \u010drno usnje, srebro 925 DOL\u017dINA TRAKU: 50 cm TE\u017dA: 11.8 g VELIKOST KAMNA: 2.2-2.4 cm DEBELINA KAMNA: 1 cm<\/p>","protected":false},"featured_media":25535,"template":"","meta":[],"product_brand":[],"product_cat":[48,910,309],"product_tag":[648,198,371],"class_list":{"0":"post-17618","1":"product","2":"type-product","3":"status-publish","4":"has-post-thumbnail","6":"product_cat-karneol","7":"product_cat-obeski-in-srebro","8":"product_cat-versy","9":"product_tag-crno-usnje","10":"product_tag-karneol","11":"product_tag-srebro-925","13":"first","14":"instock","15":"shipping-taxable","16":"purchasable","17":"product-type-simple"},"_links":{"self":[{"href":"https:\/\/moirai.si\/de\/wp-json\/wp\/v2\/product\/17618","targetHints":{"allow":["GET"]}}],"collection":[{"href":"https:\/\/moirai.si\/de\/wp-json\/wp\/v2\/product"}],"about":[{"href":"https:\/\/moirai.si\/de\/wp-json\/wp\/v2\/types\/product"}],"wp:featuredmedia":[{"embeddable":true,"href":"https:\/\/moirai.si\/de\/wp-json\/wp\/v2\/media\/25535"}],"wp:attachment":[{"href":"https:\/\/moirai.si\/de\/wp-json\/wp\/v2\/media?parent=17618"}],"wp:term":[{"taxonomy":"product_brand","embeddable":true,"href":"https:\/\/moirai.si\/de\/wp-json\/wp\/v2\/product_brand?post=17618"},{"taxonomy":"product_cat","embeddable":true,"href":"https:\/\/moirai.si\/de\/wp-json\/wp\/v2\/product_cat?post=17618"},{"taxonomy":"product_tag","embeddable":true,"href":"https:\/\/moirai.si\/de\/wp-json\/wp\/v2\/product_tag?post=17618"}],"curies":[{"name":"wp","href":"https:\/\/api.w.org\/{rel}","templated":true}]}}