{"id":17661,"date":"2020-10-29T13:31:37","date_gmt":"2020-10-29T13:31:37","guid":{"rendered":"https:\/\/moirai.si\/?post_type=product&#038;p=17661"},"modified":"2025-06-18T13:33:25","modified_gmt":"2025-06-18T13:33:25","slug":"vielseitiger-kyanit-9","status":"publish","type":"product","link":"https:\/\/moirai.si\/de\/izdelek\/versy-kianit-9\/","title":{"rendered":"Versy Kianit"},"content":{"rendered":"<p>Einzigartiger Anh\u00e4nger aus der Versy-Kollektion in Kyanit an einem schwarzen Lederband mit 925er Silberschlie\u00dfe. Wenn Sie ein l\u00e4ngeres oder k\u00fcrzeres Lederarmband w\u00fcnschen, geben Sie dies bitte bei der Bestellung an. <\/p>\n<p>Weitere Informationen: <a href=\"https:\/\/moirai.si\/de\/kianit\/\" target=\"_blank\" rel=\"noopener noreferrer\">Kyanit<\/a><\/p>\n<p>MATERIAL: Kyanit, schwarzes Leder, Silber 925<br \/>\nTRAIL-L\u00c4NGE: 50 cm<br \/>\nGEWICHT: 22,5 g<br \/>\nSTEINGR\u00d6SSE: 1,3-4,8 cm<br \/>\nSTEINDICKE: 0,9 cm<\/p>","protected":false},"excerpt":{"rendered":"<p>Unikaten obesek kolekcije Versy iz Kianita na \u010drnem usnjenem traku s srebrno 925 zaponko. \u010ce \u017eelite imeti dalj\u0161i oz. kraj\u0161i usnjeni trak nam to napi\u0161ite v opombo pri naro\u010dilu. Ve\u010d informacij: Kianit MATERIAL: Kianit, \u010drno usnje, srebro 925 DOL\u017dINA TRAKU: 50 cm TE\u017dA: 22.5 g VELIKOST KAMNA: 1.3-4.8 cm DEBELINA KAMNA: 0.9 cm<\/p>","protected":false},"featured_media":25528,"template":"","meta":[],"product_brand":[],"product_cat":[49,910,309],"product_tag":[648,360,371],"class_list":{"0":"post-17661","1":"product","2":"type-product","3":"status-publish","4":"has-post-thumbnail","6":"product_cat-kianit","7":"product_cat-obeski-in-srebro","8":"product_cat-versy","9":"product_tag-crno-usnje","10":"product_tag-kianit","11":"product_tag-srebro-925","13":"first","14":"instock","15":"shipping-taxable","16":"purchasable","17":"product-type-simple"},"_links":{"self":[{"href":"https:\/\/moirai.si\/de\/wp-json\/wp\/v2\/product\/17661","targetHints":{"allow":["GET"]}}],"collection":[{"href":"https:\/\/moirai.si\/de\/wp-json\/wp\/v2\/product"}],"about":[{"href":"https:\/\/moirai.si\/de\/wp-json\/wp\/v2\/types\/product"}],"wp:featuredmedia":[{"embeddable":true,"href":"https:\/\/moirai.si\/de\/wp-json\/wp\/v2\/media\/25528"}],"wp:attachment":[{"href":"https:\/\/moirai.si\/de\/wp-json\/wp\/v2\/media?parent=17661"}],"wp:term":[{"taxonomy":"product_brand","embeddable":true,"href":"https:\/\/moirai.si\/de\/wp-json\/wp\/v2\/product_brand?post=17661"},{"taxonomy":"product_cat","embeddable":true,"href":"https:\/\/moirai.si\/de\/wp-json\/wp\/v2\/product_cat?post=17661"},{"taxonomy":"product_tag","embeddable":true,"href":"https:\/\/moirai.si\/de\/wp-json\/wp\/v2\/product_tag?post=17661"}],"curies":[{"name":"wp","href":"https:\/\/api.w.org\/{rel}","templated":true}]}}