{"id":17736,"date":"2020-11-05T13:25:24","date_gmt":"2020-11-05T13:25:24","guid":{"rendered":"https:\/\/moirai.si\/?post_type=product&#038;p=17736"},"modified":"2022-11-27T12:17:26","modified_gmt":"2022-11-27T12:17:26","slug":"versy-rutil-11","status":"publish","type":"product","link":"https:\/\/moirai.si\/de\/izdelek\/versy-rutil-11\/","title":{"rendered":"Versy Rutil"},"content":{"rendered":"<p>Einzigartiger Anh\u00e4nger aus der Versy-Kollektion von Rutile an einem schwarzen Lederband mit verstellbarer L\u00e4nge (den Knoten nach oben oder unten ziehen). Die Kette ist unisex und f\u00fcr Kinder und Erwachsene geeignet. <\/p>\n<p>Weitere Informationen: <a href=\"https:\/\/moirai.si\/de\/rutil\/\" target=\"_blank\" rel=\"noopener noreferrer\">Rutil<\/a><\/p>\n<p>MATERIAL: Rutil, \u010drno usnje<br \/>\nL\u00c4NGE: flexibel (38-77 cm)<br \/>\nGEWICHT: 16 g<br \/>\nSTEINGR\u00d6SSE: 2,2-3,2 cm<br \/>\nSTEINDICKE: 1 cm<\/p>","protected":false},"excerpt":{"rendered":"<p>Unikaten obesek kolekcije Versy iz Rutila na \u010drnem usnjenem traku s prilagodljivo dol\u017eino (poteg vozla gor oz. dol). Ogrlica je unisex in je primerna za otroke in odrasle. Ve\u010d informacij: Rutil MATERIAL: Rutil, \u010drno usnje DOL\u017dINA: prilagodljiva (38-77 cm) TE\u017dA: 16 g VELIKOST KAMNA: 2.2-3.2 cm DEBELINA KAMNA: 1 cm<\/p>","protected":false},"featured_media":17737,"template":"","meta":[],"product_brand":[],"product_cat":[92,72,309],"product_tag":[648,314],"class_list":{"0":"post-17736","1":"product","2":"type-product","3":"status-publish","4":"has-post-thumbnail","6":"product_cat-obeski-in-usnje","7":"product_cat-rutil","8":"product_cat-versy","9":"product_tag-crno-usnje","10":"product_tag-rutil","12":"first","13":"instock","14":"shipping-taxable","15":"purchasable","16":"product-type-simple"},"_links":{"self":[{"href":"https:\/\/moirai.si\/de\/wp-json\/wp\/v2\/product\/17736","targetHints":{"allow":["GET"]}}],"collection":[{"href":"https:\/\/moirai.si\/de\/wp-json\/wp\/v2\/product"}],"about":[{"href":"https:\/\/moirai.si\/de\/wp-json\/wp\/v2\/types\/product"}],"wp:featuredmedia":[{"embeddable":true,"href":"https:\/\/moirai.si\/de\/wp-json\/wp\/v2\/media\/17737"}],"wp:attachment":[{"href":"https:\/\/moirai.si\/de\/wp-json\/wp\/v2\/media?parent=17736"}],"wp:term":[{"taxonomy":"product_brand","embeddable":true,"href":"https:\/\/moirai.si\/de\/wp-json\/wp\/v2\/product_brand?post=17736"},{"taxonomy":"product_cat","embeddable":true,"href":"https:\/\/moirai.si\/de\/wp-json\/wp\/v2\/product_cat?post=17736"},{"taxonomy":"product_tag","embeddable":true,"href":"https:\/\/moirai.si\/de\/wp-json\/wp\/v2\/product_tag?post=17736"}],"curies":[{"name":"wp","href":"https:\/\/api.w.org\/{rel}","templated":true}]}}