{"id":17854,"date":"2020-11-13T14:00:31","date_gmt":"2020-11-13T14:00:31","guid":{"rendered":"https:\/\/moirai.si\/?post_type=product&#038;p=17854"},"modified":"2025-02-19T19:06:06","modified_gmt":"2025-02-19T19:06:06","slug":"versy-angelit-4","status":"publish","type":"product","link":"https:\/\/moirai.si\/de\/izdelek\/versy-angelit-4\/","title":{"rendered":"Versy Angelit"},"content":{"rendered":"<p>Einzigartiger Anh\u00e4nger aus der Versy-Kollektion von Angelito an einem schwarzen Lederband mit verstellbarer L\u00e4nge (den Knoten nach oben oder unten ziehen). Die Kette ist unisex und f\u00fcr Kinder und Erwachsene geeignet.<\/p>\n<p>Weitere Informationen: <a href=\"https:\/\/moirai.si\/de\/angelite\/\" target=\"_blank\" rel=\"noopener noreferrer\">Angelit<\/a><\/p>\n<p>MATERIAL: Angelit, schwarzes Leder<br \/>\nL\u00c4NGE: flexibel (38-77 cm)<br \/>\nGEWICHT: 18,6 g<br \/>\nVELIKOST KAMNA: 2.2-2.8 cm<br \/>\nSTEINST\u00c4RKE: 1,4 cm<\/p>","protected":false},"excerpt":{"rendered":"<p>Unikaten obesek kolekcije Versy iz Angelita na \u010drnem usnjenem traku s prilagodljivo dol\u017eino (poteg vozla gor oz. dol). Ogrlica je unisex in je primerna za otroke in odrasle. Ve\u010d informacij: Angelit MATERIAL: Angelit, \u010drno usnje DOL\u017dINA: prilagodljiva (38-77 cm) TE\u017dA: 18.6 g VELIKOST KAMNA: 2.2-2.8 cm DEBELINA KAMNA: 1,4 cm<\/p>","protected":false},"featured_media":25996,"template":"","meta":[],"product_brand":[],"product_cat":[846,92,309],"product_tag":[826,648],"class_list":{"0":"post-17854","1":"product","2":"type-product","3":"status-publish","4":"has-post-thumbnail","6":"product_cat-angelit","7":"product_cat-obeski-in-usnje","8":"product_cat-versy","9":"product_tag-angelit","10":"product_tag-crno-usnje","12":"first","13":"instock","14":"shipping-taxable","15":"purchasable","16":"product-type-simple"},"_links":{"self":[{"href":"https:\/\/moirai.si\/de\/wp-json\/wp\/v2\/product\/17854","targetHints":{"allow":["GET"]}}],"collection":[{"href":"https:\/\/moirai.si\/de\/wp-json\/wp\/v2\/product"}],"about":[{"href":"https:\/\/moirai.si\/de\/wp-json\/wp\/v2\/types\/product"}],"wp:featuredmedia":[{"embeddable":true,"href":"https:\/\/moirai.si\/de\/wp-json\/wp\/v2\/media\/25996"}],"wp:attachment":[{"href":"https:\/\/moirai.si\/de\/wp-json\/wp\/v2\/media?parent=17854"}],"wp:term":[{"taxonomy":"product_brand","embeddable":true,"href":"https:\/\/moirai.si\/de\/wp-json\/wp\/v2\/product_brand?post=17854"},{"taxonomy":"product_cat","embeddable":true,"href":"https:\/\/moirai.si\/de\/wp-json\/wp\/v2\/product_cat?post=17854"},{"taxonomy":"product_tag","embeddable":true,"href":"https:\/\/moirai.si\/de\/wp-json\/wp\/v2\/product_tag?post=17854"}],"curies":[{"name":"wp","href":"https:\/\/api.w.org\/{rel}","templated":true}]}}