{"id":17962,"date":"2020-11-25T15:14:13","date_gmt":"2020-11-25T15:14:13","guid":{"rendered":"https:\/\/moirai.si\/?post_type=product&#038;p=17962"},"modified":"2025-01-13T14:49:55","modified_gmt":"2025-01-13T14:49:55","slug":"makramee-stein-schuss-5","status":"publish","type":"product","link":"https:\/\/moirai.si\/de\/izdelek\/macrame-kamena-strela-5\/","title":{"rendered":"Makramee Bergkristall"},"content":{"rendered":"<p>Unisex-Armband aus der Macrame-Kollektion, hergestellt aus facettiertem Lightning Stone. Das Armband ist flexibel und leicht zu tragen. <\/p>\n<p>Weitere Informationen: <a href=\"https:\/\/moirai.si\/de\/bergkristall\/\" target=\"_blank\" rel=\"noopener noreferrer\">Bergkristall<\/a><\/p>\n<p>MATERIAL: facettierter Steinblitz<br \/>\nL\u00c4NGE: einstellbar von 16-25cm<br \/>\nGEWICHT: 5,2 g<br \/>\nSTEINGR\u00d6SSE: 6 mm<\/p>","protected":false},"excerpt":{"rendered":"<p>Unisex zapestnica kolekcije Macrame, ki je narejena iz fasetirane Kamene Strele. Zapestnica je prilagodljiva in enostavna za no\u0161enje. Ve\u010d informacij: Kamena Strela MATERIAL: fasetirana Kamena Strela DOL\u017dINA: prilagodljiva od 16-25cm TE\u017dA: 5.2 g VELIKOST KAMNOV: 6 mm<\/p>","protected":false},"featured_media":17964,"template":"","meta":[],"product_brand":[],"product_cat":[820,68,212,821,822,823,1137],"product_tag":[295],"class_list":{"0":"post-17962","1":"product","2":"type-product","3":"status-publish","4":"has-post-thumbnail","6":"product_cat-do-18cm","7":"product_cat-kamena-strela","8":"product_cat-macrame-2","9":"product_cat-od-18-do-19cm","10":"product_cat-od-19-do-20cm","11":"product_cat-od-20cm","12":"product_cat-ogled-vseh-zapestnice-2","13":"product_tag-fasetirana-kamena-strela","15":"first","16":"instock","17":"shipping-taxable","18":"purchasable","19":"product-type-simple"},"_links":{"self":[{"href":"https:\/\/moirai.si\/de\/wp-json\/wp\/v2\/product\/17962","targetHints":{"allow":["GET"]}}],"collection":[{"href":"https:\/\/moirai.si\/de\/wp-json\/wp\/v2\/product"}],"about":[{"href":"https:\/\/moirai.si\/de\/wp-json\/wp\/v2\/types\/product"}],"wp:featuredmedia":[{"embeddable":true,"href":"https:\/\/moirai.si\/de\/wp-json\/wp\/v2\/media\/17964"}],"wp:attachment":[{"href":"https:\/\/moirai.si\/de\/wp-json\/wp\/v2\/media?parent=17962"}],"wp:term":[{"taxonomy":"product_brand","embeddable":true,"href":"https:\/\/moirai.si\/de\/wp-json\/wp\/v2\/product_brand?post=17962"},{"taxonomy":"product_cat","embeddable":true,"href":"https:\/\/moirai.si\/de\/wp-json\/wp\/v2\/product_cat?post=17962"},{"taxonomy":"product_tag","embeddable":true,"href":"https:\/\/moirai.si\/de\/wp-json\/wp\/v2\/product_tag?post=17962"}],"curies":[{"name":"wp","href":"https:\/\/api.w.org\/{rel}","templated":true}]}}