{"id":17971,"date":"2020-11-26T10:30:35","date_gmt":"2020-11-26T10:30:35","guid":{"rendered":"https:\/\/moirai.si\/?post_type=product&#038;p=17971"},"modified":"2025-01-13T14:49:33","modified_gmt":"2025-01-13T14:49:33","slug":"makramee-mix-25","status":"publish","type":"product","link":"https:\/\/moirai.si\/de\/izdelek\/macrame-mix-25\/","title":{"rendered":"Makramee-Mix"},"content":{"rendered":"<p>Unisex-Armband aus der Macrame-Kollektion, hergestellt aus verschiedenen Steinen. Das Armband ist flexibel und leicht zu tragen. <\/p>\n<p>MATERIAL: Onyx, Rote Pilzkoralle, Schneeobsidian<br \/>\nL\u00c4NGE: einstellbar von 16-25cm<br \/>\nGEWICHT: 9,8 g<br \/>\nSteingr\u00f6\u00dfe: 6-8 mm<\/p>","protected":false},"excerpt":{"rendered":"<p>Unisex zapestnica kolekcije Macrame, ki je narejena iz razli\u010dnih kamnov. Zapestnica je prilagodljiva in enostavna za no\u0161enje. MATERIAL: Oniks, rde\u010da Gobasta Korala, Sne\u017eni Obsidijan DOL\u017dINA: prilagodljiva od 16-25cm TE\u017dA: 9.8 g VELIKOST KAMNOV: 6-8 mm<\/p>","protected":false},"featured_media":17972,"template":"","meta":[],"product_brand":[],"product_cat":[820,52,212,63,821,822,823,1137,62],"product_tag":[206,398,226],"class_list":{"0":"post-17971","1":"product","2":"type-product","3":"status-publish","4":"has-post-thumbnail","6":"product_cat-do-18cm","7":"product_cat-gobasta-korala","8":"product_cat-macrame-2","9":"product_cat-obsidijan","10":"product_cat-od-18-do-19cm","11":"product_cat-od-19-do-20cm","12":"product_cat-od-20cm","13":"product_cat-ogled-vseh-zapestnice-2","14":"product_cat-oniks","15":"product_tag-oniks","16":"product_tag-rdeca-gobasta-korala","17":"product_tag-snezni-obsidijan","19":"first","20":"instock","21":"shipping-taxable","22":"purchasable","23":"product-type-simple"},"_links":{"self":[{"href":"https:\/\/moirai.si\/de\/wp-json\/wp\/v2\/product\/17971","targetHints":{"allow":["GET"]}}],"collection":[{"href":"https:\/\/moirai.si\/de\/wp-json\/wp\/v2\/product"}],"about":[{"href":"https:\/\/moirai.si\/de\/wp-json\/wp\/v2\/types\/product"}],"wp:featuredmedia":[{"embeddable":true,"href":"https:\/\/moirai.si\/de\/wp-json\/wp\/v2\/media\/17972"}],"wp:attachment":[{"href":"https:\/\/moirai.si\/de\/wp-json\/wp\/v2\/media?parent=17971"}],"wp:term":[{"taxonomy":"product_brand","embeddable":true,"href":"https:\/\/moirai.si\/de\/wp-json\/wp\/v2\/product_brand?post=17971"},{"taxonomy":"product_cat","embeddable":true,"href":"https:\/\/moirai.si\/de\/wp-json\/wp\/v2\/product_cat?post=17971"},{"taxonomy":"product_tag","embeddable":true,"href":"https:\/\/moirai.si\/de\/wp-json\/wp\/v2\/product_tag?post=17971"}],"curies":[{"name":"wp","href":"https:\/\/api.w.org\/{rel}","templated":true}]}}