{"id":17985,"date":"2020-11-26T11:18:14","date_gmt":"2020-11-26T11:18:14","guid":{"rendered":"https:\/\/moirai.si\/?post_type=product&#038;p=17985"},"modified":"2025-07-06T10:23:28","modified_gmt":"2025-07-06T10:23:28","slug":"macrame-ahat-mahovni-2","status":"publish","type":"product","link":"https:\/\/moirai.si\/de\/izdelek\/macrame-ahat-mahovni-2\/","title":{"rendered":"Makramee Moosiger Achat"},"content":{"rendered":"<p>Unisex-Armband aus der Macrame-Kollektion, hergestellt aus Moosachat. Das Armband ist flexibel und leicht zu tragen. Die Abbildung ist symbolisch. Leichte Abweichungen in der Farbe sind m\u00f6glich. <\/p>\n<p>Weitere Informationen: <a href=\"https:\/\/moirai.si\/de\/achat\/\" target=\"_blank\" rel=\"noopener noreferrer\">Achat<\/a><\/p>\n<p>MATERIAL: Moosachat, Onyx<br \/>\nL\u00c4NGE: einstellbar von 16-25cm<br \/>\nGEWICHT: 11,8 g<br \/>\nSteingr\u00f6\u00dfe: 6-8 mm<\/p>","protected":false},"excerpt":{"rendered":"<p>Unisex zapestnica kolekcije Macrame, ki je narejena iz Mahovnega Ahata. Zapestnica je prilagodljiva in enostavna za no\u0161enje. Slika je simboli\u010dna. Mo\u017ena so manj\u0161a odstopanja v barvi. Ve\u010d informacij: Ahat MATERIAL: Mahovni Ahat, Oniks DOL\u017dINA: prilagodljiva od 16-25cm TE\u017dA: 11.8 g VELIKOST KAMNOV: 6-8 mm<\/p>","protected":false},"featured_media":17986,"template":"","meta":[],"product_brand":[],"product_cat":[30,820,212,821,822,823,1137,62],"product_tag":[775,206],"class_list":{"0":"post-17985","1":"product","2":"type-product","3":"status-publish","4":"has-post-thumbnail","6":"product_cat-ahat","7":"product_cat-do-18cm","8":"product_cat-macrame-2","9":"product_cat-od-18-do-19cm","10":"product_cat-od-19-do-20cm","11":"product_cat-od-20cm","12":"product_cat-ogled-vseh-zapestnice-2","13":"product_cat-oniks","14":"product_tag-mahovni-ahat","15":"product_tag-oniks","17":"first","18":"instock","19":"shipping-taxable","20":"purchasable","21":"product-type-simple"},"_links":{"self":[{"href":"https:\/\/moirai.si\/de\/wp-json\/wp\/v2\/product\/17985","targetHints":{"allow":["GET"]}}],"collection":[{"href":"https:\/\/moirai.si\/de\/wp-json\/wp\/v2\/product"}],"about":[{"href":"https:\/\/moirai.si\/de\/wp-json\/wp\/v2\/types\/product"}],"wp:featuredmedia":[{"embeddable":true,"href":"https:\/\/moirai.si\/de\/wp-json\/wp\/v2\/media\/17986"}],"wp:attachment":[{"href":"https:\/\/moirai.si\/de\/wp-json\/wp\/v2\/media?parent=17985"}],"wp:term":[{"taxonomy":"product_brand","embeddable":true,"href":"https:\/\/moirai.si\/de\/wp-json\/wp\/v2\/product_brand?post=17985"},{"taxonomy":"product_cat","embeddable":true,"href":"https:\/\/moirai.si\/de\/wp-json\/wp\/v2\/product_cat?post=17985"},{"taxonomy":"product_tag","embeddable":true,"href":"https:\/\/moirai.si\/de\/wp-json\/wp\/v2\/product_tag?post=17985"}],"curies":[{"name":"wp","href":"https:\/\/api.w.org\/{rel}","templated":true}]}}