{"id":18086,"date":"2020-12-08T09:52:11","date_gmt":"2020-12-08T09:52:11","guid":{"rendered":"https:\/\/moirai.si\/?post_type=product&#038;p=18086"},"modified":"2025-01-13T14:48:25","modified_gmt":"2025-01-13T14:48:25","slug":"makramee-mix-21","status":"publish","type":"product","link":"https:\/\/moirai.si\/de\/izdelek\/macrame-mix-21\/","title":{"rendered":"Makramee-Mix"},"content":{"rendered":"<p>Doppeltes Armband aus der Macrame-Kollektion, aus verschiedenen Steinen gefertigt. <\/p>\n<p>MATERIAL: facettierter Steinblitz, facettierter Onyx, Onyx, facettierter Botswana-Achat<br \/>\nL\u00c4NGE:37 cm (2\u00d718,5cm)<br \/>\nGEWICHT: 21,4 g<br \/>\nSteingr\u00f6\u00dfe: 6-10 mm<\/p>","protected":false},"excerpt":{"rendered":"<p>Dvojna zapestnica kolekcije Macrame, ki je narejena iz razli\u010dnih kamnov. MATERIAL: fasetirana Kamena Strela, fasetiran Oniks, Oniks, fasetiran Botsvana Ahat DOL\u017dINA:37 cm (2&#215;18.5cm) TE\u017dA: 21.4 g VELIKOST KAMNOV: 6-10 mm<\/p>","protected":false},"featured_media":18088,"template":"","meta":[],"product_brand":[],"product_cat":[30,68,212,821,1137,62],"product_tag":[934,293,295,206],"class_list":{"0":"post-18086","1":"product","2":"type-product","3":"status-publish","4":"has-post-thumbnail","6":"product_cat-ahat","7":"product_cat-kamena-strela","8":"product_cat-macrame-2","9":"product_cat-od-18-do-19cm","10":"product_cat-ogled-vseh-zapestnice-2","11":"product_cat-oniks","12":"product_tag-fasetiran-botsvana-ahat","13":"product_tag-fasetiran-oniks","14":"product_tag-fasetirana-kamena-strela","15":"product_tag-oniks","17":"first","18":"instock","19":"shipping-taxable","20":"purchasable","21":"product-type-simple"},"_links":{"self":[{"href":"https:\/\/moirai.si\/de\/wp-json\/wp\/v2\/product\/18086","targetHints":{"allow":["GET"]}}],"collection":[{"href":"https:\/\/moirai.si\/de\/wp-json\/wp\/v2\/product"}],"about":[{"href":"https:\/\/moirai.si\/de\/wp-json\/wp\/v2\/types\/product"}],"wp:featuredmedia":[{"embeddable":true,"href":"https:\/\/moirai.si\/de\/wp-json\/wp\/v2\/media\/18088"}],"wp:attachment":[{"href":"https:\/\/moirai.si\/de\/wp-json\/wp\/v2\/media?parent=18086"}],"wp:term":[{"taxonomy":"product_brand","embeddable":true,"href":"https:\/\/moirai.si\/de\/wp-json\/wp\/v2\/product_brand?post=18086"},{"taxonomy":"product_cat","embeddable":true,"href":"https:\/\/moirai.si\/de\/wp-json\/wp\/v2\/product_cat?post=18086"},{"taxonomy":"product_tag","embeddable":true,"href":"https:\/\/moirai.si\/de\/wp-json\/wp\/v2\/product_tag?post=18086"}],"curies":[{"name":"wp","href":"https:\/\/api.w.org\/{rel}","templated":true}]}}