{"id":18706,"date":"2021-01-29T10:34:25","date_gmt":"2021-01-29T10:34:25","guid":{"rendered":"https:\/\/moirai.si\/?post_type=product&#038;p=18706"},"modified":"2026-02-02T09:49:33","modified_gmt":"2026-02-02T09:49:33","slug":"nihalo-cakra","status":"publish","type":"product","link":"https:\/\/moirai.si\/de\/izdelek\/nihalo-cakra\/","title":{"rendered":"Nihalo Chakra"},"content":{"rendered":"<p>Nihalo \u010cakra na posrebreni veri\u017eici, zaklju\u010deno z bunkico iz kamna za preprosto uporabo. Slika je simboli\u010dna. Mo\u017ena so manj\u0161a odstopanja v barvi, te\u017ei in obliki.<\/p>\n<p>GEWICHT: 10-15 g<br \/>\nGr\u00f6\u00dfe des Steins: ca. 3-5 cm<\/p>","protected":false},"excerpt":{"rendered":"<p>Nihalo \u010cakra na posrebreni veri\u017eici, zaklju\u010deno z bunkico iz kamna za preprosto uporabo. Slika je simboli\u010dna. Mo\u017ena so manj\u0161a odstopanja v barvi, te\u017ei in obliki. TE\u017dA: 10-15 g VELIKOST KAMNOV: cca 3-5 cm<\/p>","protected":false},"featured_media":24503,"template":"","meta":[],"product_brand":[],"product_cat":[30,33,749,47,747,48,754],"product_tag":[364],"class_list":{"0":"post-18706","1":"product","2":"type-product","3":"status-publish","4":"has-post-thumbnail","6":"product_cat-ahat","7":"product_cat-ametist","8":"product_cat-hovlit","9":"product_cat-jaspis","10":"product_cat-kalcit","11":"product_cat-karneol","12":"product_cat-nihala","13":"product_tag-cakra","15":"first","16":"instock","17":"shipping-taxable","18":"purchasable","19":"product-type-simple"},"_links":{"self":[{"href":"https:\/\/moirai.si\/de\/wp-json\/wp\/v2\/product\/18706","targetHints":{"allow":["GET"]}}],"collection":[{"href":"https:\/\/moirai.si\/de\/wp-json\/wp\/v2\/product"}],"about":[{"href":"https:\/\/moirai.si\/de\/wp-json\/wp\/v2\/types\/product"}],"wp:featuredmedia":[{"embeddable":true,"href":"https:\/\/moirai.si\/de\/wp-json\/wp\/v2\/media\/24503"}],"wp:attachment":[{"href":"https:\/\/moirai.si\/de\/wp-json\/wp\/v2\/media?parent=18706"}],"wp:term":[{"taxonomy":"product_brand","embeddable":true,"href":"https:\/\/moirai.si\/de\/wp-json\/wp\/v2\/product_brand?post=18706"},{"taxonomy":"product_cat","embeddable":true,"href":"https:\/\/moirai.si\/de\/wp-json\/wp\/v2\/product_cat?post=18706"},{"taxonomy":"product_tag","embeddable":true,"href":"https:\/\/moirai.si\/de\/wp-json\/wp\/v2\/product_tag?post=18706"}],"curies":[{"name":"wp","href":"https:\/\/api.w.org\/{rel}","templated":true}]}}