{"id":18825,"date":"2021-02-22T12:21:25","date_gmt":"2021-02-22T12:21:25","guid":{"rendered":"https:\/\/moirai.si\/?post_type=product&#038;p=18825"},"modified":"2025-01-13T14:46:43","modified_gmt":"2025-01-13T14:46:43","slug":"clasic-mix-55","status":"publish","type":"product","link":"https:\/\/moirai.si\/de\/izdelek\/clasic-mix-55\/","title":{"rendered":"Klassischer Mix"},"content":{"rendered":"<p>Elegantes Armband aus der Clasic-Kollektion, bestehend aus verschiedenen Steinen und 925er-Silberelementen, aufgereiht auf einem weichen, aber stabilen Stahldraht und veredelt mit Silberelementen. <\/p>\n<p>MATERIAL: Tigrovo Oko, Oniks, Hematit, srebro 925<br \/>\nL\u00c4NGE: einstellbar 17-19,5 cm<br \/>\nGEWICHT: 11,2 g<br \/>\nSTEINGR\u00d6SSE: 6 mm<br \/>\nSchlie\u00dfe: 9 mm<\/p>","protected":false},"excerpt":{"rendered":"<p>Elegantna zapestnica kolekcije Clasic, ki je narejena iz razli\u010dnih kamnov ter srebrnih 925 elementov, nizana na mehko, vendar mo\u010dno jekleno \u017eico in zaklju\u010dena s srebrnimi elementi. MATERIAL: Tigrovo Oko, Oniks, Hematit, srebro 925 DOL\u017dINA: prilagodljiva 17-19,5 cm TE\u017dA: 11,2 g VELIKOST KAMNOV: 6 mm ZAPONKA: 9 mm<\/p>","protected":false},"featured_media":22192,"template":"","meta":[],"product_brand":[],"product_cat":[208,820,42,821,822,1137,62,81],"product_tag":[202,206,371,199],"class_list":{"0":"post-18825","1":"product","2":"type-product","3":"status-publish","4":"has-post-thumbnail","6":"product_cat-clasic","7":"product_cat-do-18cm","8":"product_cat-hematit","9":"product_cat-od-18-do-19cm","10":"product_cat-od-19-do-20cm","11":"product_cat-ogled-vseh-zapestnice-2","12":"product_cat-oniks","13":"product_cat-tigrovo-oko","14":"product_tag-hematit","15":"product_tag-oniks","16":"product_tag-srebro-925","17":"product_tag-tigrovo-oko","19":"first","20":"instock","21":"shipping-taxable","22":"purchasable","23":"product-type-simple"},"_links":{"self":[{"href":"https:\/\/moirai.si\/de\/wp-json\/wp\/v2\/product\/18825","targetHints":{"allow":["GET"]}}],"collection":[{"href":"https:\/\/moirai.si\/de\/wp-json\/wp\/v2\/product"}],"about":[{"href":"https:\/\/moirai.si\/de\/wp-json\/wp\/v2\/types\/product"}],"wp:featuredmedia":[{"embeddable":true,"href":"https:\/\/moirai.si\/de\/wp-json\/wp\/v2\/media\/22192"}],"wp:attachment":[{"href":"https:\/\/moirai.si\/de\/wp-json\/wp\/v2\/media?parent=18825"}],"wp:term":[{"taxonomy":"product_brand","embeddable":true,"href":"https:\/\/moirai.si\/de\/wp-json\/wp\/v2\/product_brand?post=18825"},{"taxonomy":"product_cat","embeddable":true,"href":"https:\/\/moirai.si\/de\/wp-json\/wp\/v2\/product_cat?post=18825"},{"taxonomy":"product_tag","embeddable":true,"href":"https:\/\/moirai.si\/de\/wp-json\/wp\/v2\/product_tag?post=18825"}],"curies":[{"name":"wp","href":"https:\/\/api.w.org\/{rel}","templated":true}]}}