{"id":18843,"date":"2021-02-22T14:41:58","date_gmt":"2021-02-22T14:41:58","guid":{"rendered":"https:\/\/moirai.si\/?post_type=product&#038;p=18843"},"modified":"2025-07-06T10:24:00","modified_gmt":"2025-07-06T10:24:00","slug":"makramee-hut-mahovni","status":"publish","type":"product","link":"https:\/\/moirai.si\/de\/izdelek\/macrame-ahat-mahovni\/","title":{"rendered":"Makramee Moosiger Achat"},"content":{"rendered":"<p>Unisex-Armband aus der Macrame-Kollektion, hergestellt aus Moosachat. Das Armband ist flexibel und leicht zu tragen. Die Abbildung ist symbolisch. Leichte Abweichungen in Farbe und Gewicht k\u00f6nnen auftreten.<\/p>\n<p>Weitere Informationen: <a href=\"https:\/\/moirai.si\/de\/achat\/\" target=\"_blank\" rel=\"noopener noreferrer\">Achat<\/a><\/p>\n<p>MATERIAL: Moosachat<br \/>\nL\u00c4NGE: einstellbar von 16-25cm<br \/>\nGEWICHT: 7,5 g<br \/>\nSTEINGR\u00d6SSE: 6 mm<\/p>","protected":false},"excerpt":{"rendered":"<p>Unisex zapestnica kolekcije Macrame, ki je narejena iz Mahovnega Ahata. Zapestnica je prilagodljiva in enostavna za no\u0161enje. Slika je simboli\u010dna. Mo\u017ena so manj\u0161a odstopanja v barvi in te\u017ei. Ve\u010d informacij: Ahat MATERIAL: Mahovni Ahat DOL\u017dINA: prilagodljiva od 16-25cm TE\u017dA: 7.5 g VELIKOST KAMNOV: 6 mm<\/p>","protected":false},"featured_media":18844,"template":"","meta":[],"product_brand":[],"product_cat":[30,820,212,821,822,823,1137],"product_tag":[775],"class_list":{"0":"post-18843","1":"product","2":"type-product","3":"status-publish","4":"has-post-thumbnail","6":"product_cat-ahat","7":"product_cat-do-18cm","8":"product_cat-macrame-2","9":"product_cat-od-18-do-19cm","10":"product_cat-od-19-do-20cm","11":"product_cat-od-20cm","12":"product_cat-ogled-vseh-zapestnice-2","13":"product_tag-mahovni-ahat","15":"first","16":"instock","17":"shipping-taxable","18":"purchasable","19":"product-type-simple"},"_links":{"self":[{"href":"https:\/\/moirai.si\/de\/wp-json\/wp\/v2\/product\/18843","targetHints":{"allow":["GET"]}}],"collection":[{"href":"https:\/\/moirai.si\/de\/wp-json\/wp\/v2\/product"}],"about":[{"href":"https:\/\/moirai.si\/de\/wp-json\/wp\/v2\/types\/product"}],"wp:featuredmedia":[{"embeddable":true,"href":"https:\/\/moirai.si\/de\/wp-json\/wp\/v2\/media\/18844"}],"wp:attachment":[{"href":"https:\/\/moirai.si\/de\/wp-json\/wp\/v2\/media?parent=18843"}],"wp:term":[{"taxonomy":"product_brand","embeddable":true,"href":"https:\/\/moirai.si\/de\/wp-json\/wp\/v2\/product_brand?post=18843"},{"taxonomy":"product_cat","embeddable":true,"href":"https:\/\/moirai.si\/de\/wp-json\/wp\/v2\/product_cat?post=18843"},{"taxonomy":"product_tag","embeddable":true,"href":"https:\/\/moirai.si\/de\/wp-json\/wp\/v2\/product_tag?post=18843"}],"curies":[{"name":"wp","href":"https:\/\/api.w.org\/{rel}","templated":true}]}}