{"id":18845,"date":"2021-02-22T14:43:16","date_gmt":"2021-02-22T14:43:16","guid":{"rendered":"https:\/\/moirai.si\/?post_type=product&#038;p=18845"},"modified":"2025-07-06T16:07:29","modified_gmt":"2025-07-06T16:07:29","slug":"macrame-turmalin-kvarc","status":"publish","type":"product","link":"https:\/\/moirai.si\/de\/izdelek\/macrame-turmalin-kvarc\/","title":{"rendered":"Makramee Turmalin Quarz"},"content":{"rendered":"<p>Unisex zapestnica kolekcije Macrame, ki je narejena iz Turmalin Kvarca. Zapestnica je prilagodljiva in enostavna za no\u0161enje. Slika je simboli\u010dna. Mo\u017ena so manj\u0161a odstopanja v barvi in te\u017ei.<\/p>\n<p>Weitere Informationen: <a href=\"https:\/\/moirai.si\/de\/turmalin\/\" target=\"_blank\" rel=\"noopener noreferrer\">Turmalin<\/a><\/p>\n<p>MATERIAL: Turmalinquarz<br \/>\nL\u00c4NGE: einstellbar von 16-25cm<br \/>\nTE\u017dA: 6.5 g<br \/>\nSTEINGR\u00d6SSE: 6 mm<\/p>","protected":false},"excerpt":{"rendered":"<p>Unisex zapestnica kolekcije Macrame, ki je narejena iz Turmalin Kvarca. Zapestnica je prilagodljiva in enostavna za no\u0161enje. Slika je simboli\u010dna. Mo\u017ena so manj\u0161a odstopanja v barvi in te\u017ei. Ve\u010d informacij: Turmalin MATERIAL: Turmalin Kvarc DOL\u017dINA: prilagodljiva od 16-25cm TE\u017dA: 6.5 g VELIKOST KAMNOV: 6 mm<\/p>","protected":false},"featured_media":26089,"template":"","meta":[],"product_brand":[],"product_cat":[820,848,212,821,822,823,1137,85],"product_tag":[1015],"class_list":{"0":"post-18845","1":"product","2":"type-product","3":"status-publish","4":"has-post-thumbnail","6":"product_cat-do-18cm","7":"product_cat-kvarc","8":"product_cat-macrame-2","9":"product_cat-od-18-do-19cm","10":"product_cat-od-19-do-20cm","11":"product_cat-od-20cm","12":"product_cat-ogled-vseh-zapestnice-2","13":"product_cat-turmalin","14":"product_tag-turmalin-kvarc","16":"first","17":"instock","18":"shipping-taxable","19":"purchasable","20":"product-type-simple"},"_links":{"self":[{"href":"https:\/\/moirai.si\/de\/wp-json\/wp\/v2\/product\/18845","targetHints":{"allow":["GET"]}}],"collection":[{"href":"https:\/\/moirai.si\/de\/wp-json\/wp\/v2\/product"}],"about":[{"href":"https:\/\/moirai.si\/de\/wp-json\/wp\/v2\/types\/product"}],"wp:featuredmedia":[{"embeddable":true,"href":"https:\/\/moirai.si\/de\/wp-json\/wp\/v2\/media\/26089"}],"wp:attachment":[{"href":"https:\/\/moirai.si\/de\/wp-json\/wp\/v2\/media?parent=18845"}],"wp:term":[{"taxonomy":"product_brand","embeddable":true,"href":"https:\/\/moirai.si\/de\/wp-json\/wp\/v2\/product_brand?post=18845"},{"taxonomy":"product_cat","embeddable":true,"href":"https:\/\/moirai.si\/de\/wp-json\/wp\/v2\/product_cat?post=18845"},{"taxonomy":"product_tag","embeddable":true,"href":"https:\/\/moirai.si\/de\/wp-json\/wp\/v2\/product_tag?post=18845"}],"curies":[{"name":"wp","href":"https:\/\/api.w.org\/{rel}","templated":true}]}}