{"id":18847,"date":"2021-02-22T14:44:34","date_gmt":"2021-02-22T14:44:34","guid":{"rendered":"https:\/\/moirai.si\/?post_type=product&#038;p=18847"},"modified":"2025-01-13T14:45:57","modified_gmt":"2025-01-13T14:45:57","slug":"macrame-jaspis-rdeci","status":"publish","type":"product","link":"https:\/\/moirai.si\/de\/izdelek\/macrame-jaspis-rdeci\/","title":{"rendered":"Makramee Jaspis Rot"},"content":{"rendered":"<p>Unisex zapestnica kolekcije Macrame, ki je narejena iz rde\u010dega Jaspisa. Zapestnica je prilagodljiva in enostavna za no\u0161enje. <\/p>\n<p>Weitere Informationen: <a href=\"https:\/\/moirai.si\/de\/jaspis\/\" target=\"_blank\" rel=\"noopener noreferrer\">Jaspis<\/a><\/p>\n<p>MATERIAL: roter Jaspis<br \/>\nL\u00c4NGE: einstellbar von 16-25cm<br \/>\nTE\u017dA: 6.8 g<br \/>\nSTEINGR\u00d6SSE: 6 mm<\/p>","protected":false},"excerpt":{"rendered":"<p>Unisex zapestnica kolekcije Macrame, ki je narejena iz rde\u010dega Jaspisa. Zapestnica je prilagodljiva in enostavna za no\u0161enje. Ve\u010d informacij: Jaspis MATERIAL: rde\u010di Jaspis DOL\u017dINA: prilagodljiva od 16-25cm TE\u017dA: 6.8 g VELIKOST KAMNOV: 6 mm<\/p>","protected":false},"featured_media":18848,"template":"","meta":[],"product_brand":[],"product_cat":[820,47,212,821,822,823,1137],"product_tag":[779],"class_list":{"0":"post-18847","1":"product","2":"type-product","3":"status-publish","4":"has-post-thumbnail","6":"product_cat-do-18cm","7":"product_cat-jaspis","8":"product_cat-macrame-2","9":"product_cat-od-18-do-19cm","10":"product_cat-od-19-do-20cm","11":"product_cat-od-20cm","12":"product_cat-ogled-vseh-zapestnice-2","13":"product_tag-rdeci-jaspis","15":"first","16":"instock","17":"shipping-taxable","18":"purchasable","19":"product-type-simple"},"_links":{"self":[{"href":"https:\/\/moirai.si\/de\/wp-json\/wp\/v2\/product\/18847","targetHints":{"allow":["GET"]}}],"collection":[{"href":"https:\/\/moirai.si\/de\/wp-json\/wp\/v2\/product"}],"about":[{"href":"https:\/\/moirai.si\/de\/wp-json\/wp\/v2\/types\/product"}],"wp:featuredmedia":[{"embeddable":true,"href":"https:\/\/moirai.si\/de\/wp-json\/wp\/v2\/media\/18848"}],"wp:attachment":[{"href":"https:\/\/moirai.si\/de\/wp-json\/wp\/v2\/media?parent=18847"}],"wp:term":[{"taxonomy":"product_brand","embeddable":true,"href":"https:\/\/moirai.si\/de\/wp-json\/wp\/v2\/product_brand?post=18847"},{"taxonomy":"product_cat","embeddable":true,"href":"https:\/\/moirai.si\/de\/wp-json\/wp\/v2\/product_cat?post=18847"},{"taxonomy":"product_tag","embeddable":true,"href":"https:\/\/moirai.si\/de\/wp-json\/wp\/v2\/product_tag?post=18847"}],"curies":[{"name":"wp","href":"https:\/\/api.w.org\/{rel}","templated":true}]}}