{"id":18851,"date":"2021-02-22T14:48:17","date_gmt":"2021-02-22T14:48:17","guid":{"rendered":"https:\/\/moirai.si\/?post_type=product&#038;p=18851"},"modified":"2025-01-13T14:45:42","modified_gmt":"2025-01-13T14:45:42","slug":"macrame-kvarc-dimni","status":"publish","type":"product","link":"https:\/\/moirai.si\/de\/izdelek\/macrame-kvarc-dimni\/","title":{"rendered":"Makramee Quarz-Rauch"},"content":{"rendered":"<p>Unisex-Armband aus der Macrame-Kollektion, hergestellt aus Rauchquarz. Das Armband ist flexibel und leicht zu tragen. <\/p>\n<p>Weitere Informationen: <a href=\"https:\/\/moirai.si\/de\/quarz\/\" target=\"_blank\" rel=\"noopener noreferrer\">Quarz<\/a><\/p>\n<p>MATERIAL: Rauchquarz<br \/>\nL\u00c4NGE: einstellbar von 16-25cm<br \/>\nTE\u017dA: 6.6 g<br \/>\nSTEINGR\u00d6SSE: 6 mm<\/p>","protected":false},"excerpt":{"rendered":"<p>Unisex zapestnica kolekcije Macrame, ki je narejena iz Dimnega Kvarca. Zapestnica je prilagodljiva in enostavna za no\u0161enje. Ve\u010d informacij: Kvarc MATERIAL: Dimni Kvarc DOL\u017dINA: prilagodljiva od 16-25cm TE\u017dA: 6.6 g VELIKOST KAMNOV: 6 mm<\/p>","protected":false},"featured_media":18852,"template":"","meta":[],"product_brand":[],"product_cat":[820,848,212,821,822,823,1137],"product_tag":[365],"class_list":{"0":"post-18851","1":"product","2":"type-product","3":"status-publish","4":"has-post-thumbnail","6":"product_cat-do-18cm","7":"product_cat-kvarc","8":"product_cat-macrame-2","9":"product_cat-od-18-do-19cm","10":"product_cat-od-19-do-20cm","11":"product_cat-od-20cm","12":"product_cat-ogled-vseh-zapestnice-2","13":"product_tag-dimni-kvarc","15":"first","16":"instock","17":"shipping-taxable","18":"purchasable","19":"product-type-simple"},"_links":{"self":[{"href":"https:\/\/moirai.si\/de\/wp-json\/wp\/v2\/product\/18851","targetHints":{"allow":["GET"]}}],"collection":[{"href":"https:\/\/moirai.si\/de\/wp-json\/wp\/v2\/product"}],"about":[{"href":"https:\/\/moirai.si\/de\/wp-json\/wp\/v2\/types\/product"}],"wp:featuredmedia":[{"embeddable":true,"href":"https:\/\/moirai.si\/de\/wp-json\/wp\/v2\/media\/18852"}],"wp:attachment":[{"href":"https:\/\/moirai.si\/de\/wp-json\/wp\/v2\/media?parent=18851"}],"wp:term":[{"taxonomy":"product_brand","embeddable":true,"href":"https:\/\/moirai.si\/de\/wp-json\/wp\/v2\/product_brand?post=18851"},{"taxonomy":"product_cat","embeddable":true,"href":"https:\/\/moirai.si\/de\/wp-json\/wp\/v2\/product_cat?post=18851"},{"taxonomy":"product_tag","embeddable":true,"href":"https:\/\/moirai.si\/de\/wp-json\/wp\/v2\/product_tag?post=18851"}],"curies":[{"name":"wp","href":"https:\/\/api.w.org\/{rel}","templated":true}]}}