{"id":18869,"date":"2021-02-23T09:25:55","date_gmt":"2021-02-23T09:25:55","guid":{"rendered":"https:\/\/moirai.si\/?post_type=product&#038;p=18869"},"modified":"2026-01-28T12:02:37","modified_gmt":"2026-01-28T12:02:37","slug":"clasic-mix-cakra-2","status":"publish","type":"product","link":"https:\/\/moirai.si\/de\/izdelek\/clasic-mix-cakra-2\/","title":{"rendered":"Clasic Mix Chakra"},"content":{"rendered":"<p>Elegantna zapestnica kolekcije Clasic, ki je narejena iz razli\u010dnih kamnov ter rodiniranih srebrnih 925 elementov, nizana na mehko, vendar mo\u010dno jekleno \u017eico in zaklju\u010dena s srebrnimi elementi. Slika je simboli\u010dna. Mo\u017ena so manj\u0161a odstopanja v te\u017ei in barvi.<\/p>\n<p>MATERIAL: \u010drni Turmalin, Hematit, Oniks, Tigrovo Oko, Dimni Kvarc, Lapis Lazuli, Amazonit, Rubin Zoisit, Aventurin, Granat, Ametist, Mese\u010dev Kamen, Akvamarin, oran\u017eni Kalcit, Karneol, Heliotrop, Mahovni Ahat, Jaspis, Labradorit, Sodalit, Ahat (Botsvana), Hovlit (Magnezit), \u010drni Obsidijan, Kamena Strela, zlati Obsidijan, rodinirano Srebro 925<br \/>\nL\u00c4NGE: einstellbar 18-20,5 cm<br \/>\nGEWICHT: 10 g<br \/>\nVELIKOST KAMNOV: 5-6 mm<br \/>\nSchlie\u00dfe: 9 mm<\/p>","protected":false},"excerpt":{"rendered":"<p>Elegantna zapestnica kolekcije Clasic, ki je narejena iz razli\u010dnih kamnov ter rodiniranih srebrnih 925 elementov, nizana na mehko, vendar mo\u010dno jekleno \u017eico in zaklju\u010dena s srebrnimi elementi. Slika je simboli\u010dna. Mo\u017ena so manj\u0161a odstopanja v te\u017ei in barvi. MATERIAL: \u010drni Turmalin, Hematit, Oniks, Tigrovo Oko, Dimni Kvarc, Lapis Lazuli, Amazonit, Rubin Zoisit, Aventurin, Granat, Ametist, [&hellip;]<\/p>\n","protected":false},"featured_media":24114,"template":"","meta":[],"product_brand":[],"product_cat":[30,34,32,33,31,208,820,41,518,42,749,47,747,68,48,848,54,55,59,63,821,822,823,1137,62,73,77,81,85,849],"product_tag":[939,311,228,195,200,868,766,365,201,486,202,1057,229,203,198,294,280,775,366,206,741,637,844,227,199,841],"class_list":{"0":"post-18869","1":"product","2":"type-product","3":"status-publish","4":"has-post-thumbnail","6":"product_cat-ahat","7":"product_cat-akvamarin","8":"product_cat-amazonit","9":"product_cat-ametist","10":"product_cat-aventurin","11":"product_cat-clasic","12":"product_cat-do-18cm","13":"product_cat-granat","14":"product_cat-heliotrop","15":"product_cat-hematit","16":"product_cat-hovlit","17":"product_cat-jaspis","18":"product_cat-kalcit","19":"product_cat-kamena-strela","20":"product_cat-karneol","21":"product_cat-kvarc","22":"product_cat-labradorit","23":"product_cat-lapis-lazuli","24":"product_cat-mesecev-kamen","25":"product_cat-obsidijan","26":"product_cat-od-18-do-19cm","27":"product_cat-od-19-do-20cm","28":"product_cat-od-20cm","29":"product_cat-ogled-vseh-zapestnice-2","30":"product_cat-oniks","31":"product_cat-rubin","32":"product_cat-sodalit","33":"product_cat-tigrovo-oko","34":"product_cat-turmalin","35":"product_cat-zoisit","36":"product_tag-ahat-botsvana","37":"product_tag-akvamarin","38":"product_tag-amazonit","39":"product_tag-ametist","40":"product_tag-aventurin","41":"product_tag-crni-obsidijan","42":"product_tag-crni-turmalin","43":"product_tag-dimni-kvarc","44":"product_tag-granat","45":"product_tag-heliotrop","46":"product_tag-hematit","47":"product_tag-hovlit-magnezit","48":"product_tag-jaspis","49":"product_tag-kamena-strela","50":"product_tag-karneol","51":"product_tag-labradorit","52":"product_tag-lapis-lazuli","53":"product_tag-mahovni-ahat","54":"product_tag-mesecev-kamen","55":"product_tag-oniks","56":"product_tag-oranzni-kalcit","57":"product_tag-rodinirano-srebro-925","58":"product_tag-rubin-zoisit","59":"product_tag-sodalit","60":"product_tag-tigrovo-oko","61":"product_tag-zlati-obsidijan","63":"first","64":"instock","65":"shipping-taxable","66":"purchasable","67":"product-type-simple"},"_links":{"self":[{"href":"https:\/\/moirai.si\/de\/wp-json\/wp\/v2\/product\/18869","targetHints":{"allow":["GET"]}}],"collection":[{"href":"https:\/\/moirai.si\/de\/wp-json\/wp\/v2\/product"}],"about":[{"href":"https:\/\/moirai.si\/de\/wp-json\/wp\/v2\/types\/product"}],"wp:featuredmedia":[{"embeddable":true,"href":"https:\/\/moirai.si\/de\/wp-json\/wp\/v2\/media\/24114"}],"wp:attachment":[{"href":"https:\/\/moirai.si\/de\/wp-json\/wp\/v2\/media?parent=18869"}],"wp:term":[{"taxonomy":"product_brand","embeddable":true,"href":"https:\/\/moirai.si\/de\/wp-json\/wp\/v2\/product_brand?post=18869"},{"taxonomy":"product_cat","embeddable":true,"href":"https:\/\/moirai.si\/de\/wp-json\/wp\/v2\/product_cat?post=18869"},{"taxonomy":"product_tag","embeddable":true,"href":"https:\/\/moirai.si\/de\/wp-json\/wp\/v2\/product_tag?post=18869"}],"curies":[{"name":"wp","href":"https:\/\/api.w.org\/{rel}","templated":true}]}}