{"id":19193,"date":"2021-03-03T10:13:37","date_gmt":"2021-03-03T10:13:37","guid":{"rendered":"https:\/\/moirai.si\/?post_type=product&#038;p=19193"},"modified":"2026-03-26T12:49:06","modified_gmt":"2026-03-26T12:49:06","slug":"mokait-l-2","status":"publish","type":"product","link":"https:\/\/moirai.si\/de\/izdelek\/mokait-l-2\/","title":{"rendered":"Mokait L"},"content":{"rendered":"<p>\u010cudovit kos spoliranega Mokaita, primeren kot zdravilni ro\u010dni kamen ali kot darilo. Slika je simboli\u010dna. Mo\u017ena so manj\u0161a odstopanja v barvi, te\u017ei in obliki.<\/p>\n<p>Weitere Informationen: <a href=\"https:\/\/moirai.si\/de\/mokait\/\" target=\"_blank\" rel=\"noopener noreferrer\">Mokait<\/a><\/p>\n<p>MATERIAL: Mokait (Avstralija)<br \/>\nABMESSUNGEN: 2-4 cm<br \/>\nTE\u017dA: 15-35 g<\/p>","protected":false},"excerpt":{"rendered":"<p>\u010cudovit kos spoliranega Mokaita, primeren kot zdravilni ro\u010dni kamen ali kot darilo. Slika je simboli\u010dna. Mo\u017ena so manj\u0161a odstopanja v barvi, te\u017ei in obliki. Ve\u010d informacij: Mokait MATERIAL: Mokait (Avstralija) DIMENZIJE: 2-4 cm TE\u017dA: 15-35 g<\/p>","protected":false},"featured_media":19194,"template":"","meta":[],"product_brand":[],"product_cat":[521,753],"product_tag":[867],"class_list":{"0":"post-19193","1":"product","2":"type-product","3":"status-publish","4":"has-post-thumbnail","6":"product_cat-mokait","7":"product_cat-rocni-kamni","8":"product_tag-mokait-avstralija","10":"first","11":"instock","12":"shipping-taxable","13":"purchasable","14":"product-type-simple"},"_links":{"self":[{"href":"https:\/\/moirai.si\/de\/wp-json\/wp\/v2\/product\/19193","targetHints":{"allow":["GET"]}}],"collection":[{"href":"https:\/\/moirai.si\/de\/wp-json\/wp\/v2\/product"}],"about":[{"href":"https:\/\/moirai.si\/de\/wp-json\/wp\/v2\/types\/product"}],"wp:featuredmedia":[{"embeddable":true,"href":"https:\/\/moirai.si\/de\/wp-json\/wp\/v2\/media\/19194"}],"wp:attachment":[{"href":"https:\/\/moirai.si\/de\/wp-json\/wp\/v2\/media?parent=19193"}],"wp:term":[{"taxonomy":"product_brand","embeddable":true,"href":"https:\/\/moirai.si\/de\/wp-json\/wp\/v2\/product_brand?post=19193"},{"taxonomy":"product_cat","embeddable":true,"href":"https:\/\/moirai.si\/de\/wp-json\/wp\/v2\/product_cat?post=19193"},{"taxonomy":"product_tag","embeddable":true,"href":"https:\/\/moirai.si\/de\/wp-json\/wp\/v2\/product_tag?post=19193"}],"curies":[{"name":"wp","href":"https:\/\/api.w.org\/{rel}","templated":true}]}}