{"id":19466,"date":"2021-08-10T10:26:37","date_gmt":"2021-08-10T10:26:37","guid":{"rendered":"https:\/\/moirai.si\/?post_type=product&#038;p=19466"},"modified":"2023-06-18T15:07:26","modified_gmt":"2023-06-18T15:07:26","slug":"usnje-1m-crno-2-2mm","status":"publish","type":"product","link":"https:\/\/moirai.si\/de\/izdelek\/usnje-1m-crno-2-2mm\/","title":{"rendered":"Leder 1m schwarz (2,2mm)"},"content":{"rendered":"<p>Echtes Lederband in Schwarz.<\/p>\n<p>MATERIAL: schwarzes Leder<br \/>\nTE\u017dA:\t3.6 g<br \/>\nL\u00c4NGE: 100 cm<br \/>\n\u0160IRINA: 2.2 mm<\/p>","protected":false},"excerpt":{"rendered":"<p>Usnjen trak iz pravega usnja v \u010drni barvi. MATERIAL: \u010drno usnje TE\u017dA: 3.6 g DOL\u017dINA: 100 cm \u0160IRINA: 2.2 mm<\/p>","protected":false},"featured_media":19467,"template":"","meta":[],"product_brand":[],"product_cat":[911],"product_tag":[648],"class_list":{"0":"post-19466","1":"product","2":"type-product","3":"status-publish","4":"has-post-thumbnail","6":"product_cat-verizice-in-vrvice","7":"product_tag-crno-usnje","9":"first","10":"instock","11":"shipping-taxable","12":"purchasable","13":"product-type-simple"},"_links":{"self":[{"href":"https:\/\/moirai.si\/de\/wp-json\/wp\/v2\/product\/19466","targetHints":{"allow":["GET"]}}],"collection":[{"href":"https:\/\/moirai.si\/de\/wp-json\/wp\/v2\/product"}],"about":[{"href":"https:\/\/moirai.si\/de\/wp-json\/wp\/v2\/types\/product"}],"wp:featuredmedia":[{"embeddable":true,"href":"https:\/\/moirai.si\/de\/wp-json\/wp\/v2\/media\/19467"}],"wp:attachment":[{"href":"https:\/\/moirai.si\/de\/wp-json\/wp\/v2\/media?parent=19466"}],"wp:term":[{"taxonomy":"product_brand","embeddable":true,"href":"https:\/\/moirai.si\/de\/wp-json\/wp\/v2\/product_brand?post=19466"},{"taxonomy":"product_cat","embeddable":true,"href":"https:\/\/moirai.si\/de\/wp-json\/wp\/v2\/product_cat?post=19466"},{"taxonomy":"product_tag","embeddable":true,"href":"https:\/\/moirai.si\/de\/wp-json\/wp\/v2\/product_tag?post=19466"}],"curies":[{"name":"wp","href":"https:\/\/api.w.org\/{rel}","templated":true}]}}