{"id":19483,"date":"2021-08-10T12:05:13","date_gmt":"2021-08-10T12:05:13","guid":{"rendered":"https:\/\/moirai.si\/?post_type=product&#038;p=19483"},"modified":"2026-02-02T09:49:03","modified_gmt":"2026-02-02T09:49:03","slug":"pendelgranate","status":"publish","type":"product","link":"https:\/\/moirai.si\/de\/izdelek\/nihalo-granat\/","title":{"rendered":"Pendel-Granat"},"content":{"rendered":"<p>Granatpendel an einer versilberten Kette, versehen mit einer Steinzelle zur einfachen Handhabung. Die Abbildung ist symbolisch. Geringe Abweichungen in Farbe, Gewicht und Form sind m\u00f6glich.<\/p>\n<p>Weitere Informationen: <a href=\"https:\/\/moirai.si\/de\/granate\/\" target=\"_blank\" rel=\"noopener noreferrer\">Granate<\/a><\/p>\n<p>MATERIAL: Granat<br \/>\nGEWICHT: 5-15 g<br \/>\nGr\u00f6\u00dfe des Steins: ca. 3-5 cm<\/p>","protected":false},"excerpt":{"rendered":"<p>Nihalo iz Granata na posrebreni veri\u017eici, zaklju\u010deno z bunkico iz kamna za preprosto uporabo. Slika je simboli\u010dna. Mo\u017ena so manj\u0161a odstopanja v barvi, te\u017ei in obliki. Ve\u010d informacij: Granat MATERIAL: Granat TE\u017dA: 5-15 g VELIKOST KAMNOV: cca 3-5 cm<\/p>","protected":false},"featured_media":25792,"template":"","meta":[],"product_brand":[],"product_cat":[41,754],"product_tag":[947],"class_list":{"0":"post-19483","1":"product","2":"type-product","3":"status-publish","4":"has-post-thumbnail","6":"product_cat-granat","7":"product_cat-nihala","8":"product_tag-nihalo-granat","10":"first","11":"instock","12":"shipping-taxable","13":"purchasable","14":"product-type-simple"},"_links":{"self":[{"href":"https:\/\/moirai.si\/de\/wp-json\/wp\/v2\/product\/19483","targetHints":{"allow":["GET"]}}],"collection":[{"href":"https:\/\/moirai.si\/de\/wp-json\/wp\/v2\/product"}],"about":[{"href":"https:\/\/moirai.si\/de\/wp-json\/wp\/v2\/types\/product"}],"wp:featuredmedia":[{"embeddable":true,"href":"https:\/\/moirai.si\/de\/wp-json\/wp\/v2\/media\/25792"}],"wp:attachment":[{"href":"https:\/\/moirai.si\/de\/wp-json\/wp\/v2\/media?parent=19483"}],"wp:term":[{"taxonomy":"product_brand","embeddable":true,"href":"https:\/\/moirai.si\/de\/wp-json\/wp\/v2\/product_brand?post=19483"},{"taxonomy":"product_cat","embeddable":true,"href":"https:\/\/moirai.si\/de\/wp-json\/wp\/v2\/product_cat?post=19483"},{"taxonomy":"product_tag","embeddable":true,"href":"https:\/\/moirai.si\/de\/wp-json\/wp\/v2\/product_tag?post=19483"}],"curies":[{"name":"wp","href":"https:\/\/api.w.org\/{rel}","templated":true}]}}