{"id":19588,"date":"2021-08-13T09:57:50","date_gmt":"2021-08-13T09:57:50","guid":{"rendered":"https:\/\/moirai.si\/?post_type=product&#038;p=19588"},"modified":"2022-11-27T14:40:05","modified_gmt":"2022-11-27T14:40:05","slug":"versy-unakit-9","status":"publish","type":"product","link":"https:\/\/moirai.si\/de\/izdelek\/versy-unakit-9\/","title":{"rendered":"Versy Unakit"},"content":{"rendered":"<p>Unikaten obesek kolekcije Versy iz Unakita na \u010drnem usnjenem traku s prilagodljivo dol\u017eino (poteg vozla gor oz. dol). Ogrlica je unisex in je primerna za otroke in odrasle. <\/p>\n<p>MATERIAL: Unakit, \u010drno usnje<br \/>\nL\u00c4NGE: flexibel (38-77 cm)<br \/>\nGEWICHT: 18,5 g<br \/>\nVELIKOST KAMNA: 2.1-3.3 cm<br \/>\nSTEINST\u00c4RKE: 1,2 cm<\/p>","protected":false},"excerpt":{"rendered":"<p>Unikaten obesek kolekcije Versy iz Unakita na \u010drnem usnjenem traku s prilagodljivo dol\u017eino (poteg vozla gor oz. dol). Ogrlica je unisex in je primerna za otroke in odrasle. MATERIAL: Unakit, \u010drno usnje DOL\u017dINA: prilagodljiva (38-77 cm) TE\u017dA: 18.5 g VELIKOST KAMNA: 2.1-3.3 cm DEBELINA KAMNA: 1.2 cm<\/p>","protected":false},"featured_media":19589,"template":"","meta":[],"product_brand":[],"product_cat":[92,751,309],"product_tag":[648,488],"class_list":{"0":"post-19588","1":"product","2":"type-product","3":"status-publish","4":"has-post-thumbnail","6":"product_cat-obeski-in-usnje","7":"product_cat-unakit","8":"product_cat-versy","9":"product_tag-crno-usnje","10":"product_tag-unakit","12":"first","13":"instock","14":"shipping-taxable","15":"purchasable","16":"product-type-simple"},"_links":{"self":[{"href":"https:\/\/moirai.si\/de\/wp-json\/wp\/v2\/product\/19588","targetHints":{"allow":["GET"]}}],"collection":[{"href":"https:\/\/moirai.si\/de\/wp-json\/wp\/v2\/product"}],"about":[{"href":"https:\/\/moirai.si\/de\/wp-json\/wp\/v2\/types\/product"}],"wp:featuredmedia":[{"embeddable":true,"href":"https:\/\/moirai.si\/de\/wp-json\/wp\/v2\/media\/19589"}],"wp:attachment":[{"href":"https:\/\/moirai.si\/de\/wp-json\/wp\/v2\/media?parent=19588"}],"wp:term":[{"taxonomy":"product_brand","embeddable":true,"href":"https:\/\/moirai.si\/de\/wp-json\/wp\/v2\/product_brand?post=19588"},{"taxonomy":"product_cat","embeddable":true,"href":"https:\/\/moirai.si\/de\/wp-json\/wp\/v2\/product_cat?post=19588"},{"taxonomy":"product_tag","embeddable":true,"href":"https:\/\/moirai.si\/de\/wp-json\/wp\/v2\/product_tag?post=19588"}],"curies":[{"name":"wp","href":"https:\/\/api.w.org\/{rel}","templated":true}]}}