{"id":19590,"date":"2021-08-13T09:59:10","date_gmt":"2021-08-13T09:59:10","guid":{"rendered":"https:\/\/moirai.si\/?post_type=product&#038;p=19590"},"modified":"2022-11-08T16:11:09","modified_gmt":"2022-11-08T16:11:09","slug":"versy-heliotrop-6","status":"publish","type":"product","link":"https:\/\/moirai.si\/de\/izdelek\/versy-heliotrop-6\/","title":{"rendered":"Versy Heliotrop"},"content":{"rendered":"<p>Unikaten obesek kolekcije Versy iz Heliotropa na \u010drnem usnjenem traku s prilagodljivo dol\u017eino (poteg vozla gor oz. dol). Ogrlica je unisex in je primerna za otroke in odrasle. <\/p>\n<p>Weitere Informationen: <a href=\"https:\/\/moirai.si\/de\/heliotrop\/\" target=\"_blank\" rel=\"noopener noreferrer\">Heliotrop<\/a><\/p>\n<p>MATERIAL: Heliotrop, \u010drno usnje<br \/>\nL\u00c4NGE: flexibel (38-77 cm)<br \/>\nGEWICHT: 12,7 g<br \/>\nVELIKOST KAMNA: 2.1-3.1 cm<br \/>\nSTEINSTICKE: 0,9 cm<\/p>","protected":false},"excerpt":{"rendered":"<p>Unikaten obesek kolekcije Versy iz Heliotropa na \u010drnem usnjenem traku s prilagodljivo dol\u017eino (poteg vozla gor oz. dol). Ogrlica je unisex in je primerna za otroke in odrasle. Ve\u010d informacij: Heliotrop MATERIAL: Heliotrop, \u010drno usnje DOL\u017dINA: prilagodljiva (38-77 cm) TE\u017dA: 12.7 g VELIKOST KAMNA: 2.1-3.1 cm DEBELINA KAMNA: 0,9 cm<\/p>","protected":false},"featured_media":19591,"template":"","meta":[],"product_brand":[],"product_cat":[518,92,309],"product_tag":[648,486],"class_list":{"0":"post-19590","1":"product","2":"type-product","3":"status-publish","4":"has-post-thumbnail","6":"product_cat-heliotrop","7":"product_cat-obeski-in-usnje","8":"product_cat-versy","9":"product_tag-crno-usnje","10":"product_tag-heliotrop","12":"first","13":"instock","14":"shipping-taxable","15":"purchasable","16":"product-type-simple"},"_links":{"self":[{"href":"https:\/\/moirai.si\/de\/wp-json\/wp\/v2\/product\/19590","targetHints":{"allow":["GET"]}}],"collection":[{"href":"https:\/\/moirai.si\/de\/wp-json\/wp\/v2\/product"}],"about":[{"href":"https:\/\/moirai.si\/de\/wp-json\/wp\/v2\/types\/product"}],"wp:featuredmedia":[{"embeddable":true,"href":"https:\/\/moirai.si\/de\/wp-json\/wp\/v2\/media\/19591"}],"wp:attachment":[{"href":"https:\/\/moirai.si\/de\/wp-json\/wp\/v2\/media?parent=19590"}],"wp:term":[{"taxonomy":"product_brand","embeddable":true,"href":"https:\/\/moirai.si\/de\/wp-json\/wp\/v2\/product_brand?post=19590"},{"taxonomy":"product_cat","embeddable":true,"href":"https:\/\/moirai.si\/de\/wp-json\/wp\/v2\/product_cat?post=19590"},{"taxonomy":"product_tag","embeddable":true,"href":"https:\/\/moirai.si\/de\/wp-json\/wp\/v2\/product_tag?post=19590"}],"curies":[{"name":"wp","href":"https:\/\/api.w.org\/{rel}","templated":true}]}}