{"id":19635,"date":"2021-08-13T12:31:22","date_gmt":"2021-08-13T12:31:22","guid":{"rendered":"https:\/\/moirai.si\/?post_type=product&#038;p=19635"},"modified":"2025-01-03T10:27:27","modified_gmt":"2025-01-03T10:27:27","slug":"versy-kamena-strela-21","status":"publish","type":"product","link":"https:\/\/moirai.si\/de\/izdelek\/versy-kamena-strela-21\/","title":{"rendered":"Versy Bergkristall"},"content":{"rendered":"<p>Einzigartiger Anh\u00e4nger aus der Versy-Kollektion von Stone Lightning an einem schwarzen Lederband mit verstellbarer L\u00e4nge (Knoten nach oben oder unten ziehen). Die Kette ist unisex und f\u00fcr Kinder und Erwachsene geeignet. <\/p>\n<p>Weitere Informationen: <a href=\"https:\/\/moirai.si\/de\/bergkristall\/\" target=\"_blank\" rel=\"noopener noreferrer\">Bergkristall<\/a><\/p>\n<p>MATERIAL: Stone Lightning, schwarzes Leder<br \/>\nL\u00c4NGE: flexibel (38-77 cm)<br \/>\nGEWICHT: 8,4 g<br \/>\nVELIKOST KAMNA: 1.8-2.6 cm<br \/>\nSTEINDICKE: 0,7 cm<\/p>","protected":false},"excerpt":{"rendered":"<p>Unikaten obesek kolekcije Versy iz Kamene Strele na \u010drnem usnjenem traku s prilagodljivo dol\u017eino (poteg vozla gor oz. dol). Ogrlica je unisex in je primerna za otroke in odrasle. Ve\u010d informacij: Kamena Strela MATERIAL: Kamena Strela, \u010drno usnje DOL\u017dINA: prilagodljiva (38-77 cm) TE\u017dA: 8.4 g VELIKOST KAMNA: 1.8-2.6 cm DEBELINA KAMNA: 0.7 cm<\/p>","protected":false},"featured_media":19636,"template":"","meta":[],"product_brand":[],"product_cat":[68,92,309],"product_tag":[648,203],"class_list":{"0":"post-19635","1":"product","2":"type-product","3":"status-publish","4":"has-post-thumbnail","6":"product_cat-kamena-strela","7":"product_cat-obeski-in-usnje","8":"product_cat-versy","9":"product_tag-crno-usnje","10":"product_tag-kamena-strela","12":"first","13":"instock","14":"shipping-taxable","15":"purchasable","16":"product-type-simple"},"_links":{"self":[{"href":"https:\/\/moirai.si\/de\/wp-json\/wp\/v2\/product\/19635","targetHints":{"allow":["GET"]}}],"collection":[{"href":"https:\/\/moirai.si\/de\/wp-json\/wp\/v2\/product"}],"about":[{"href":"https:\/\/moirai.si\/de\/wp-json\/wp\/v2\/types\/product"}],"wp:featuredmedia":[{"embeddable":true,"href":"https:\/\/moirai.si\/de\/wp-json\/wp\/v2\/media\/19636"}],"wp:attachment":[{"href":"https:\/\/moirai.si\/de\/wp-json\/wp\/v2\/media?parent=19635"}],"wp:term":[{"taxonomy":"product_brand","embeddable":true,"href":"https:\/\/moirai.si\/de\/wp-json\/wp\/v2\/product_brand?post=19635"},{"taxonomy":"product_cat","embeddable":true,"href":"https:\/\/moirai.si\/de\/wp-json\/wp\/v2\/product_cat?post=19635"},{"taxonomy":"product_tag","embeddable":true,"href":"https:\/\/moirai.si\/de\/wp-json\/wp\/v2\/product_tag?post=19635"}],"curies":[{"name":"wp","href":"https:\/\/api.w.org\/{rel}","templated":true}]}}