{"id":19730,"date":"2021-08-16T14:01:47","date_gmt":"2021-08-16T14:01:47","guid":{"rendered":"https:\/\/moirai.si\/?post_type=product&#038;p=19730"},"modified":"2022-11-27T12:16:32","modified_gmt":"2022-11-27T12:16:32","slug":"versy-rutil-10","status":"publish","type":"product","link":"https:\/\/moirai.si\/de\/izdelek\/versy-rutil-10\/","title":{"rendered":"Versy Rutil"},"content":{"rendered":"<p>Einzigartiger Anh\u00e4nger aus der Versy-Kollektion von Rutile an einem schwarzen Lederband mit verstellbarer L\u00e4nge (den Knoten nach oben oder unten ziehen). Die Kette ist unisex und f\u00fcr Kinder und Erwachsene geeignet. <\/p>\n<p>MATERIAL: Rutil, \u010drno usnje<br \/>\nL\u00c4NGE: flexibel (38-77 cm)<br \/>\nTE\u017dA: 18.8 g<br \/>\nVELIKOST KAMNA: 2.6-3.7 cm<br \/>\nSTEINST\u00c4RKE: 1,1 cm<\/p>","protected":false},"excerpt":{"rendered":"<p>Unikaten obesek kolekcije Versy iz Rutila na \u010drnem usnjenem traku s prilagodljivo dol\u017eino (poteg vozla gor oz. dol). Ogrlica je unisex in je primerna za otroke in odrasle. MATERIAL: Rutil, \u010drno usnje DOL\u017dINA: prilagodljiva (38-77 cm) TE\u017dA: 18.8 g VELIKOST KAMNA: 2.6-3.7 cm DEBELINA KAMNA: 1.1 cm<\/p>","protected":false},"featured_media":19731,"template":"","meta":[],"product_brand":[],"product_cat":[92,72,309],"product_tag":[648,314],"class_list":{"0":"post-19730","1":"product","2":"type-product","3":"status-publish","4":"has-post-thumbnail","6":"product_cat-obeski-in-usnje","7":"product_cat-rutil","8":"product_cat-versy","9":"product_tag-crno-usnje","10":"product_tag-rutil","12":"first","13":"instock","14":"shipping-taxable","15":"purchasable","16":"product-type-simple"},"_links":{"self":[{"href":"https:\/\/moirai.si\/de\/wp-json\/wp\/v2\/product\/19730","targetHints":{"allow":["GET"]}}],"collection":[{"href":"https:\/\/moirai.si\/de\/wp-json\/wp\/v2\/product"}],"about":[{"href":"https:\/\/moirai.si\/de\/wp-json\/wp\/v2\/types\/product"}],"wp:featuredmedia":[{"embeddable":true,"href":"https:\/\/moirai.si\/de\/wp-json\/wp\/v2\/media\/19731"}],"wp:attachment":[{"href":"https:\/\/moirai.si\/de\/wp-json\/wp\/v2\/media?parent=19730"}],"wp:term":[{"taxonomy":"product_brand","embeddable":true,"href":"https:\/\/moirai.si\/de\/wp-json\/wp\/v2\/product_brand?post=19730"},{"taxonomy":"product_cat","embeddable":true,"href":"https:\/\/moirai.si\/de\/wp-json\/wp\/v2\/product_cat?post=19730"},{"taxonomy":"product_tag","embeddable":true,"href":"https:\/\/moirai.si\/de\/wp-json\/wp\/v2\/product_tag?post=19730"}],"curies":[{"name":"wp","href":"https:\/\/api.w.org\/{rel}","templated":true}]}}